{"id":9,"date":"2022-07-03T09:29:44","date_gmt":"2022-07-03T09:29:44","guid":{"rendered":"https:\/\/test.celticfolkfestival.com\/?page_id=9"},"modified":"2024-08-12T11:12:11","modified_gmt":"2024-08-12T09:12:11","slug":"9-2","status":"publish","type":"page","link":"https:\/\/test.celticfolkfestival.com\/de\/","title":{"rendered":"Heim"},"content":{"rendered":"<p>[et_pb_section fb_built=\u201c1\u2033 _builder_version=\u201c4.17.4\u2033 _module_preset=\u201cdefault\u201c background_image=\u201chttps:\/\/test.celticfolkfestival.com\/wp-content\/uploads\/2024\/03\/CCF-plaatje-eelde-2.png\u201c custom_margin=\u201c||||false|false\u201c custom_padding=\u201c||3px|||\u201c global_colors_info=\u201c{}\u201c][et_pb_row _builder_version=\u201c4.17.4\u2033 _module_preset=\u201cdefault\u201c width=\u201c100%\u201c max_width=\u201c1247px\u201c module_alignment=\u201ccenter\u201c custom_padding=\u201c|||0px||\u201c global_colors_info=\u201c{}\u201c][et_pb_column type=\u201c4_4\u2033 _builder_version=\u201c4.17.4\u201c _module_preset=\u201cdefault\u201c global_colors_info=\u201c{}\u201c][et_pb_image src=\u201chttps:\/\/test.celticfolkfestival.com\/wp-content\/ uploads\/2024\/03\/CCF-logo.png\u201c title_text=\u201cCCF-Logo\u201c align=\u201ccenter\u201c _builder_version=\u201c4.17.4\u201c _module_preset=\u201cdefault\u201c background_enable_image=\u201coff\u201c width=\u201c100%\u201c custom_padding=\u201c|| |0px||\u201c global_colors_info=\u201c{}\u201c][\/et_pb_image][et_pb_text _builder_version=\u201c4.17.4\u2033 _module_preset=\u201cdefault\u201c header_text_align=\u201ccenter\u201c header_text_color=\u201c#FFFFFF\u201c custom_margin=\u201c-55px||||false|false\u201c custom_margin_tablet= \u201e-55px||||false|false\u201c custom_margin_phone=\u201c-35px||||false|false\u201c custom_margin_last_edited=\u201con|desktop\u201c global_colors_info=\u201c{}\u201c]<\/p>\n<h1>Kommende Veranstaltungen:<\/h1>\n<p>[\/et_pb_text][\/et_pb_column][\/et_pb_row][et_pb_row _builder_version=\u201c4.17.4\u201c _module_preset=\u201cdefault\u201c global_colors_info=\u201c{}\u201c][et_pb_column type=\u201c4_4\u2033 _builder_version=\u201c4.17.4\u201c _module_preset=\u201c default\u201c global_colors_info=\u201c{}\u201c][et_pb_image src=\u201chttps:\/\/test.celticfolkfestival.com\/wp-content\/uploads\/2024\/03\/Em2-save-the-date-2024-1.jpg\u201c title_text=\u201cEm2 Save the date 2024\u2033 url=\u201c@ET-DC@eyJkeW5hbWljIjp0cnVlLCJjb250ZW50IjoicG9zdF9saW5rX3VybF9wYWdlIiwic2V0dGluZ3MiOnsicG9zdF9pZCI6IjczIn19@\u201c align=\u201ccenter\u201c _builder_version=\u201c4 .17.4\u2033 _dynamic_attributes=\u201curl\u201c _module_preset=\u201cdefault\u201c width=\u201c65%\u201c global_colors_info=\u201c{}\u201c] [\/et_pb_image][\/et_pb_column][\/et_pb_row][\/et_pb_section][et_pb_section fb_built=\u201c1\u2033 _builder_version=\u201c4.17.4\u201c _module_preset=\u201cdefault\u201c background_color=\u201crgba(255,255,255,0)\u201c background_image=\u201chttps: \/\/test.celticfolkfestival.com\/wp-content\/uploads\/2022\/07\/A0-clover4kopie.png\u201c custom_margin=\u201c||||false|false\u201c custom_padding=\u201c4px|||||\u201c global_colors_info=\u201c{}\u201c][et_pb_row columns_structure=\u201c3_5,2_5\u2033 _builder_version=\u201c4.17.4\u201c _module_preset=\u201cdefault\u201c global_colors_info=\u201c{}\u201c][et_pb_column type=\u201c3_5\u2033 _builder_version=\u201c4.17.4\u201c _module_preset =\u201cdefault\u201c global_colors_info=\u201c{}\u201c][et_pb_text _builder_version=\u201c4.17.4\u2033 _module_preset=\u201cdefault\u201c global_colors_info=\u201c{}\u201c]<\/p>\n<p><span style=\"font-size: large;\"><strong>Das keltische Volksfest<\/strong><\/span><\/p>\n<p>Erleben Sie die lebendige Welt des keltischen Volkes beim unvergesslichen Celtic Folk Festival. Diese einzigartige Veranstaltung bietet Live-Auftritte traditioneller und zeitgen\u00f6ssischer Bands, die Sie mit ihren Auftritten an wundersch\u00f6nen, charakteristischen Orten \u00fcberraschen werden. Eine der bemerkenswertesten Qualit\u00e4ten der K\u00fcnstler dieser Szene ist ihre F\u00e4higkeit, jeden Auftritt zu einer unvergesslichen Party zu machen. Von rauem Power-Folk bis hin zu romantischen Balladen und von schwungvollen Jigs bis hin zu traditionellen Reels. Die Kelten waren Krieger und bei diesen besonderen Ereignissen explodiert die Leidenschaft auf der B\u00fchne.<\/p>\n<p>Jedes Celtic Folk Festival hat f\u00fcr jeden etwas zu bieten; Es ist eine familienfreundliche Veranstaltung, die alle Altersgruppen anspricht. Sie werden in das reiche kulturelle Erbe der keltischen L\u00e4nder eintauchen; von der unverwechselbaren Musik bis zur einzigartigen Geschichte und Kultur. Beim Celtic Folk Festival feiern wir Solidarit\u00e4t, Geselligkeit, Tanz und Trinken \u2013 ein Tag oder Abend, der Ihnen noch viele Jahre in Erinnerung bleiben wird. Wir laden Sie ein, sich uns anzuschlie\u00dfen und gemeinsam die Musik, Kultur und Traditionen der wundersch\u00f6nen keltischen L\u00e4nder zu feiern \u2013 ein Erlebnis, das Sie nie vergessen werden.<\/p>\n<p><strong><span style=\"font-size: large;\">Die Organisation<\/span><\/strong><\/p>\n<p>Echten Musikliebhabern und Festivalbesuchern ist die Organisation hinter dem Celtic Folk Festival kein Unbekannter, n\u00e4mlich die Band \u201eRapalje\u201c. Rapalje sind eine preisgekr\u00f6nte Band aus der schottischen und irischen Volksmusikszene. In den mehr als 28 Jahren ihres Bestehens haben sie das Publikum mit leidenschaftlichen und lebendigen Darbietungen auf Hunderten von B\u00fchnen auf der ganzen Welt in ihren Bann gezogen. Die Gruppe kombiniert traditionelle Instrumente wie Dudelsack, Geige, Fl\u00f6ten und Bodhr\u00e1ns mit Gesang aus dem Herzen und einer guten Portion Humor, was sie \u00fcberall beliebt macht. Sie sind auch das Herzst\u00fcck <a href=\"https:\/\/zomerfolk.nl\/\">Rapalje Sommervolksfest<\/a> das seit 2013 im Stadtpark von Groningen organisiert wird. \u201eBe easy and free\u201c ist ihr Motto und das wird bei allem, was sie tun, ausgiebig zelebriert.<\/p>\n<p>[\/et_pb_text][\/et_pb_column][et_pb_column type=\u201c2_5\u2033 _builder_version=\u201c4.17.4\u201c _module_preset=\u201cdefault\u201c global_colors_info=\u201c{}\u201c][et_pb_image src=\u201chttps:\/\/test.celticfolkfestival.com\/wp-content \/uploads\/2023\/10\/Bandfoto-nieuw.jpg\u201c title_text=\u201cBandfoto neu\u201c _builder_version=\u201c4.17.4\u2033 _module_preset=\u201cdefault\u201c custom_padding=\u201c38px|||||\u201c border_radii=\u201con|33px|33px|33px|33px\u201c box_shadow_style=\u201cpreset1\u2033 box_shadow_blur=\u201c52px\u201c box_shadow_spread=\u201c23px\u201c global_colors_info=\u201c{}\u201c][\/et_pb_image][\/et_pb_column][\/et_pb_row][et_pb_row _builder_version =\u201c4.17.4\u2033 _module_preset=\u201cdefault\u201c global_colors_info=\u201c{}\u201c][et_pb_column type=\u201c4_4\u201c _builder_version=\u201c4.17.4\u201c _module_preset=\u201cdefault\u201c global_colors_info=\u201c{}\u201c][et_pb_gallery gallery_ids=\u201c41853 ,41854,41855,41856\u2033 show_title_and_caption=\u201coff\u201c _builder_version=\u201c4.17.4\u201c _module_preset=\u201cdefault\u201c global_colors_info=\u201c{}\u201c][\/et_pb_gallery][\/et_pb_column][\/et_pb_row][et_pb_row _builder_version=\u201c4. 17. 4\u2033 _module_preset=\u201cdefault\u201c global_colors_info=\u201c{}\u201c][et_pb_column type=\u201c4_4\u2033 _builder_version=\u201c4.17.4\u2033 _module_preset=\u201cdefault\u201c global_colors_info=\u201c{}\u201c][et_pb_text _builder_version=\u201c4.17.4\u2033 _module_preset =\u201cdefault\u201c global_colors_info=\u201c{}\u201c]<\/p>\n<h1 style=\"text-align: center;\"><strong><span style=\"text-decoration: underline;\">Neueste Nachrichten<\/span><\/strong><\/h1>\n<p>[\/et_pb_text][\/et_pb_column][\/et_pb_row][et_pb_row _builder_version=\u201c4.17.4\u201c _module_preset=\u201cdefault\u201c global_colors_info=\u201c{}\u201c][et_pb_column type=\u201c4_4\u2033 _builder_version=\u201c4.17.4\u201c _module_preset=\u201c default\u201c global_colors_info=\u201c{}\u201c][et_pb_blog fullwidth=\u201coff\u201c posts_number=\u201c3\u2033 include_categories=\u201c8\u2033 excerpt_length=\u201c150\u2033 show_author=\u201coff\u201c show_date=\u201coff\u201c show_categories=\u201coff\u201c show_pagination=\u201coff \u201d masonry_tile_background_color=\u201cRGBA(255,255,255,0)\u201c _builder_version=\u201c4.19.0\u201c _module_preset=\u201cdefault\u201c global_colors_info=\u201c{}\u201c][\/et_pb_blog][\/et_pb_column][\/et_pb_row][\/et_pb_section]<\/p>","protected":false},"excerpt":{"rendered":"<p>Kommende Veranstaltungen: Das Celtic Folk Festival Erleben Sie die lebendige Welt des keltischen Volkes beim unvergesslichen Celtic Folk Festival. Diese einzigartige Veranstaltung bietet Live-Auftritte traditioneller und zeitgen\u00f6ssischer Bands, die Sie mit ihren Auftritten an wundersch\u00f6nen, charakteristischen Orten \u00fcberraschen werden. Eine der bemerkenswerten Eigenschaften von K\u00fcnstlern dieser Szene ist ihre F\u00e4higkeit, [\u2026]<\/p>","protected":false},"author":1,"featured_media":0,"parent":0,"menu_order":0,"comment_status":"closed","ping_status":"closed","template":"","meta":{"_et_pb_use_builder":"on","_et_pb_old_content":"","_et_gb_content_width":"","footnotes":""},"class_list":["post-9","page","type-page","status-publish","hentry"],"_links":{"self":[{"href":"https:\/\/test.celticfolkfestival.com\/de\/wp-json\/wp\/v2\/pages\/9","targetHints":{"allow":["GET"]}}],"collection":[{"href":"https:\/\/test.celticfolkfestival.com\/de\/wp-json\/wp\/v2\/pages"}],"about":[{"href":"https:\/\/test.celticfolkfestival.com\/de\/wp-json\/wp\/v2\/types\/page"}],"author":[{"embeddable":true,"href":"https:\/\/test.celticfolkfestival.com\/de\/wp-json\/wp\/v2\/users\/1"}],"replies":[{"embeddable":true,"href":"https:\/\/test.celticfolkfestival.com\/de\/wp-json\/wp\/v2\/comments?post=9"}],"version-history":[{"count":0,"href":"https:\/\/test.celticfolkfestival.com\/de\/wp-json\/wp\/v2\/pages\/9\/revisions"}],"wp:attachment":[{"href":"https:\/\/test.celticfolkfestival.com\/de\/wp-json\/wp\/v2\/media?parent=9"}],"curies":[{"name":"wp","href":"https:\/\/api.w.org\/{rel}","templated":true}]}}