{"id":83,"date":"2022-08-02T08:39:35","date_gmt":"2022-08-02T08:39:35","guid":{"rendered":"https:\/\/test.celticfolkfestival.com\/?page_id=83"},"modified":"2022-09-04T14:58:42","modified_gmt":"2022-09-04T14:58:42","slug":"rapalje","status":"publish","type":"page","link":"https:\/\/test.celticfolkfestival.com\/de\/rapalje\/","title":{"rendered":"Rapalje"},"content":{"rendered":"<p>[et_pb_section fb_built=&#8221;1&#8243; _builder_version=&#8221;4.17.4&#8243; _module_preset=&#8221;default&#8221; global_colors_info=&#8221;{}&#8221;][et_pb_row _builder_version=&#8221;4.17.4&#8243; _module_preset=&#8221;default&#8221; background_image=&#8221;https:\/\/test.celticfolkfestival.com\/wp-content\/uploads\/2022\/08\/Rapalje.jpeg&#8221; width=&#8221;100%&#8221; max_width=&#8221;1921px&#8221; min_height=&#8221;379px&#8221; custom_margin=&#8221;-49px|auto|41px|auto||&#8221; global_colors_info=&#8221;{}&#8221;][et_pb_column type=&#8221;4_4&#8243; _builder_version=&#8221;4.17.4&#8243; _module_preset=&#8221;default&#8221; background_image=&#8221;https:\/\/test.celticfolkfestival.com\/wp-content\/uploads\/2022\/08\/Rapalje.jpeg&#8221; global_colors_info=&#8221;{}&#8221;][\/et_pb_column][\/et_pb_row][et_pb_row _builder_version=&#8221;4.17.4&#8243; _module_preset=&#8221;default&#8221; global_colors_info=&#8221;{}&#8221; min_height=&#8221;87px&#8221; custom_padding=&#8221;40px||9px|||&#8221; custom_margin=&#8221;-13px|auto||auto||&#8221;][et_pb_column type=&#8221;4_4&#8243; _builder_version=&#8221;4.17.4&#8243; _module_preset=&#8221;default&#8221; global_colors_info=&#8221;{}&#8221;][et_pb_text _builder_version=&#8221;4.17.4&#8243; _module_preset=&#8221;default&#8221; global_colors_info=&#8221;{}&#8221; content__hover_enabled=&#8221;on|desktop&#8221; content__hover=&#8221;<\/p>\n<p style=\"%22text-align:\" center;%22><strong><span style=\"%22font-family:\" inherit; font-size: xx-large;%22>Rapalje Keltische Volksmusik<\/span><\/strong><\/p>\n<p>&#8220;]<\/p>\n<p style=\"text-align: center;\"><strong><span style=\"font-family: inherit; font-size: xx-large;\">Rapalje Keltische Volksmusik<\/span><\/strong><\/p>\n<p>[\/et_pb_text][\/et_pb_column][\/et_pb_row][et_pb_row _builder_version=&#8221;4.17.4&#8243; _module_preset=&#8221;default&#8221; global_colors_info=&#8221;{}&#8221;][et_pb_column type=&#8221;4_4&#8243; _builder_version=&#8221;4.17.4&#8243; _module_preset=&#8221;default&#8221; global_colors_info=&#8221;{}&#8221;][et_pb_text _builder_version=&#8221;4.17.4&#8243; _module_preset=&#8221;default&#8221; custom_padding=&#8221;||0px|||&#8221; global_colors_info=&#8221;{}&#8221;]<\/p>\n<p style=\"text-align: center;\">Rapalje Celtic Folk Music ist seit mehr als 27 Jahren ein Synonym f\u00fcr mitrei\u00dfenden Folk, einf\u00fchlsame Balladen und gem\u00fctliches Chaos. Von intimen Theaterkonzerten in den Niederlanden bis hin zu gro\u00dfen Clubtourneen in Brasilien und allem dazwischen.<\/p>\n<p style=\"text-align: center;\">Im Kilt gekleidet und mit einer geh\u00f6rigen Portion Humor versehen, ist die Band aus der Folkszene nicht mehr wegzudenken. Sie spielen sowohl traditionelle als auch originelle Lieder und sind daf\u00fcr bekannt, jeden Auftritt zu einem besonderen Erlebnis zu machen. Singen Sie bei Klassikern wie \u201eWat Zal We Drinken\u201c, \u201eWhiskey In The Jar\u201c und \u201eCaledonia\u201c mit oder lassen Sie sich vom relativ neuen Repertoire ihrer neuesten CD \u201eScotland&#039;s Story\u201c \u00fcberraschen.<\/p>\n<p style=\"text-align: center;\">Auch 2020\/2021 haben die hauptberuflichen Musiker trotz eines fast schlagartig leeren Konzertkalenders nicht still gesessen. Mit einer riesigen Menge kostenloser Online-Konzerte sind sie mit ihrer gro\u00dfen Fangemeinde aus der ganzen Welt in Kontakt geblieben. Ob am Strand, an dem sie Robben ausgesetzt haben, bei der Wiederer\u00f6ffnung des Zoos von Emmen oder bei ihrer unvergesslichen Benefizsendung zur Unterst\u00fctzung des Castlefest nach der Absage im Jahr 2021: Rapalje hat weiterhin Musik gemacht und sie mit ihrem Publikum geteilt. Wenn Sie ihnen w\u00e4hrend des Festivals begegnen, z\u00f6gern Sie nicht, nach einem Foto oder Autogramm zu fragen. Die massive Unterst\u00fctzung der Fans hat ihnen dabei geholfen und daf\u00fcr sind sie sehr dankbar.<\/p>\n<p style=\"text-align: center;\">Bei den von CeltCast organisierten Fantasy Awards im Jahr 2021 wurde die Band dreimal ausgezeichnet: \u201eBest Merch\u201c f\u00fcr ihr Songbook, \u201eThanks for the Laugh\u201c f\u00fcr ihre besondere Vogelshow w\u00e4hrend des Rapalje Zomerfolk Festivals und der besondere \u201ePositivity Award\u201c. f\u00fcr Bandgr\u00fcnder Mace\u00e1l. Seit einigen Jahren bietet er jeden Dienstag um 20 Uhr einen kostenlosen Livestream auf den Social-Media-Kan\u00e4len von Rapalje an, in dem jeder Fragen stellen und mit ihm \u00fcber alle m\u00f6glichen Themen sprechen kann. Viele Fans haben angegeben, dass dies sie durch schwierige Zeiten geschleppt hat, und der Rest der Band ist sehr stolz auf Mace\u00e1l, dass er mit diesem besonderen Preis belohnt wurde.<\/p>\n<p style=\"text-align: center;\">Webseite: <a href=\"https:\/\/rapalje.com\/nl\/\">https:\/\/www.rapalje.com<\/a><\/p>\n<p style=\"text-align: center;\">\n<p>[\/et_pb_text][\/et_pb_column][\/et_pb_row][et_pb_row _builder_version=&#8221;4.17.4&#8243; _module_preset=&#8221;default&#8221; global_colors_info=&#8221;{}&#8221;][et_pb_column type=&#8221;4_4&#8243; _builder_version=&#8221;4.17.4&#8243; _module_preset=&#8221;default&#8221; global_colors_info=&#8221;{}&#8221;][et_pb_video src=&#8221;https:\/\/www.youtube.com\/watch?v=XcCOSQ3V6y8&#038;t=12s&#8221; _builder_version=&#8221;4.17.4&#8243; _module_preset=&#8221;default&#8221; global_colors_info=&#8221;{}&#8221;][\/et_pb_video][\/et_pb_column][\/et_pb_row][\/et_pb_section]<\/p>","protected":false},"excerpt":{"rendered":"<p>Rapalje Celtic Folk MusicRapalje Celtic Folk Music is een naam die al ruim 27 jaar garant staat voor opzwepende folk, gevoelige ballades en gezellige chaos. Van intieme theaterconcerten in Nederland tot grote clubtours in Brazili\u00eb en alles er tussenin. Gekleed in kilt en voorzien van een flinke dosis humor is de band niet meer weg [&hellip;]<\/p>","protected":false},"author":1,"featured_media":0,"parent":0,"menu_order":0,"comment_status":"closed","ping_status":"closed","template":"","meta":{"_et_pb_use_builder":"on","_et_pb_old_content":"","_et_gb_content_width":"","footnotes":""},"class_list":["post-83","page","type-page","status-publish","hentry"],"_links":{"self":[{"href":"https:\/\/test.celticfolkfestival.com\/de\/wp-json\/wp\/v2\/pages\/83","targetHints":{"allow":["GET"]}}],"collection":[{"href":"https:\/\/test.celticfolkfestival.com\/de\/wp-json\/wp\/v2\/pages"}],"about":[{"href":"https:\/\/test.celticfolkfestival.com\/de\/wp-json\/wp\/v2\/types\/page"}],"author":[{"embeddable":true,"href":"https:\/\/test.celticfolkfestival.com\/de\/wp-json\/wp\/v2\/users\/1"}],"replies":[{"embeddable":true,"href":"https:\/\/test.celticfolkfestival.com\/de\/wp-json\/wp\/v2\/comments?post=83"}],"version-history":[{"count":0,"href":"https:\/\/test.celticfolkfestival.com\/de\/wp-json\/wp\/v2\/pages\/83\/revisions"}],"wp:attachment":[{"href":"https:\/\/test.celticfolkfestival.com\/de\/wp-json\/wp\/v2\/media?parent=83"}],"curies":[{"name":"wp","href":"https:\/\/api.w.org\/{rel}","templated":true}]}}