{"id":5669,"date":"2024-03-07T12:41:23","date_gmt":"2024-03-07T11:41:23","guid":{"rendered":"https:\/\/test.celticfolkfestival.com\/?page_id=5669"},"modified":"2024-07-19T13:26:20","modified_gmt":"2024-07-19T11:26:20","slug":"chris-murphy","status":"publish","type":"page","link":"https:\/\/test.celticfolkfestival.com\/de\/chris-murphy\/","title":{"rendered":"Chris Murphy"},"content":{"rendered":"<p>[et_pb_section fb_built=\u201c1\u2033 _builder_version=\u201c4.17.4\u201c _module_preset=\u201cdefault\u201c global_colors_info=\u201c{}\u201c][et_pb_row _builder_version=\u201c4.17.4\u2033 _module_preset=\u201cdefault\u201c global_colors_info=\u201c{}\u201c][et_pb_column type =\u201c4_4\u2033 _builder_version=\u201c4.17.4\u201c _module_preset=\u201cdefault\u201c global_colors_info=\u201c{}\u201c][et_pb_text _builder_version=\u201c4.17.4\u201c _module_preset=\u201cdefault\u201c global_colors_info=\u201c{}\u201c]<\/p>\n<h1 style=\"text-align: center;\"><strong>Chris Murphy<\/strong><\/h1>\n<p>[\/et_pb_text][\/et_pb_column][\/et_pb_row][et_pb_row columns_structure=\u201c1_2,1_2\u2033 _builder_version=\u201c4.17.4\u201c _module_preset=\u201cdefault\u201c global_colors_info=\u201c{}\u201c][et_pb_column type=\u201c1_2\u2033 _builder_version=\u201c 4.17.4\u2033 _module_preset=\u201cdefault\u201c global_colors_info=\u201c{}\u201c][et_pb_image src=\u201chttps:\/\/test.celticfolkfestival.com\/wp-content\/uploads\/2024\/03\/chris-pr-3.jpg\u201c title_text=\u201c chris-pr-3\u2033 _builder_version=\u201c4.17.4\u2033 _module_preset=\u201cdefault\u201c global_colors_info=\u201c{}\u201c][\/et_pb_image][\/et_pb_column][et_pb_column type=\u201c1_2\u2033 _builder_version=\u201c4.17.4\u2033 _module_preset=\u201c default\u201c global_colors_info=\u201c{}\u201c][et_pb_text _builder_version=\u201c4.17.4\u2033 _module_preset=\u201cdefault\u201c global_colors_info=\u201c{}\u201c]<\/p>\n<p>Seit 25 Jahren verdient der brillant talentierte Multiinstrumentalist Chris Murphy seinen Lebensunterhalt mit der Musik. Chris Murphy wurde im Gro\u00dfraum New York als Sohn einer irisch-italienischen Familie geboren. Seine Kindheit war von vielen musikalischen Einfl\u00fcssen gepr\u00e4gt, darunter italienische Mandolinenmusik, Bluegrass und Folk. Im Laufe der Jahre hat Chris einen umfangreichen Katalog von mehr als 500 Werken aufgenommen, 16 Soloalben ver\u00f6ffentlicht und seine vielf\u00e4ltigen Talente machen ihn zu einem gefragten Komponisten f\u00fcr Filme. Er hat mit Mitgliedern von Wilco, fIREHOSE, The Waterboys, Buena Vista Social Club und Grant Lee Buffalo Aufnahmen gemacht und ist in den Vereinigten Staaten, England, Irland und den Niederlanden aufgetreten. Murphy findet seinen Groove auf der B\u00fchne, wo Spontaneit\u00e4t und Improvisation vorherrschen. Seine energiegeladenen Auftritte stellen seine Virtuosit\u00e4t unter Beweis und begeistern das Publikum mit seiner Musik und seinen Geschichten. Im Jahr 2024 werden zwei Alben von Chris Murphy erscheinen: eine Retrospektive seiner gesamten Karriere und eine Neuauflage seines Albums \u201eSovereign\u201c im September.<\/p>\n<p>[\/et_pb_text][\/et_pb_column][\/et_pb_row][et_pb_row _builder_version=\u201c4.17.4\u201c _module_preset=\u201cdefault\u201c global_colors_info=\u201c{}\u201c][et_pb_column type=\u201c4_4\u2033 _builder_version=\u201c4.17.4\u201c _module_preset=\u201c default\u201c global_colors_info=\u201c{}\u201c][et_pb_video src=\u201chttps:\/\/www.youtube.com\/watch?v=9cWdHc6sC9Y&amp;ab_channel=TheTeahouseMusicCompany\u201c _builder_version=\u201c4.17.4\u2033 _module_preset=\u201cdefault\u201c global_colors_info=\u201c{}\u201c ][\/et_pb_video][\/et_pb_column][\/et_pb_row][\/et_pb_section]<\/p>","protected":false},"excerpt":{"rendered":"<p>Chris Murphy Der brillant talentierte Multiinstrumentalist Chris Murphy verdient seinen Lebensunterhalt seit 25 Jahren mit Musik. Chris Murphy wurde im Raum New York als Sohn einer irisch-italienischen Familie geboren. Seine Kindheit war von vielen musikalischen Einfl\u00fcssen gepr\u00e4gt, darunter italienische Mandolinenmusik, Bluegrass und Folk. Im Laufe der Jahre hat Chris einen umfangreichen Katalog mit mehr [\u2026]<\/p>","protected":false},"author":1,"featured_media":0,"parent":0,"menu_order":0,"comment_status":"closed","ping_status":"closed","template":"","meta":{"_et_pb_use_builder":"on","_et_pb_old_content":"","_et_gb_content_width":"","footnotes":""},"class_list":["post-5669","page","type-page","status-publish","hentry"],"_links":{"self":[{"href":"https:\/\/test.celticfolkfestival.com\/de\/wp-json\/wp\/v2\/pages\/5669","targetHints":{"allow":["GET"]}}],"collection":[{"href":"https:\/\/test.celticfolkfestival.com\/de\/wp-json\/wp\/v2\/pages"}],"about":[{"href":"https:\/\/test.celticfolkfestival.com\/de\/wp-json\/wp\/v2\/types\/page"}],"author":[{"embeddable":true,"href":"https:\/\/test.celticfolkfestival.com\/de\/wp-json\/wp\/v2\/users\/1"}],"replies":[{"embeddable":true,"href":"https:\/\/test.celticfolkfestival.com\/de\/wp-json\/wp\/v2\/comments?post=5669"}],"version-history":[{"count":0,"href":"https:\/\/test.celticfolkfestival.com\/de\/wp-json\/wp\/v2\/pages\/5669\/revisions"}],"wp:attachment":[{"href":"https:\/\/test.celticfolkfestival.com\/de\/wp-json\/wp\/v2\/media?parent=5669"}],"curies":[{"name":"wp","href":"https:\/\/api.w.org\/{rel}","templated":true}]}}