{"id":5362,"date":"2024-02-13T14:46:50","date_gmt":"2024-02-13T13:46:50","guid":{"rendered":"https:\/\/test.celticfolkfestival.com\/?page_id=5362"},"modified":"2024-03-13T10:08:13","modified_gmt":"2024-03-13T09:08:13","slug":"whatevers-left-2","status":"publish","type":"page","link":"https:\/\/test.celticfolkfestival.com\/de\/whatevers-left-2\/","title":{"rendered":"Whatever's Left"},"content":{"rendered":"<p>[et_pb_section fb_built=\u201c1\u2033 _builder_version=\u201c4.17.4\u201c _module_preset=\u201cdefault\u201c global_colors_info=\u201c{}\u201c][et_pb_row _builder_version=\u201c4.17.4\u2033 _module_preset=\u201cdefault\u201c global_colors_info=\u201c{}\u201c][et_pb_column type =\u201c4_4\u2033 _builder_version=\u201c4.17.4\u201c _module_preset=\u201cdefault\u201c global_colors_info=\u201c{}\u201c][et_pb_text _builder_version=\u201c4.17.4\u201c _module_preset=\u201cdefault\u201c global_colors_info=\u201c{}\u201c]<\/p>\n<h1 style=\"text-align: center;\">Whatever's Left<\/h1>\n<p>[\/et_pb_text][\/et_pb_column][\/et_pb_row][et_pb_row columns_structure=\u201c1_2,1_2\u2033 _builder_version=\u201c4.17.4\u201c _module_preset=\u201cdefault\u201c global_colors_info=\u201c{}\u201c][et_pb_column type=\u201c1_2\u2033 _builder_version=\u201c 4.17.4\u2033 _module_preset=\u201cdefault\u201c global_colors_info=\u201c{}\u201c][et_pb_image src=\u201chttps:\/\/test.celticfolkfestival.com\/wp-content\/uploads\/2024\/02\/whatevers-left.jpg\u201c title_text=\u201cwas auch immer \u00fcbrig ist \u201d _builder_version=\u201c4.17.4\u2033 _module_preset=\u201cdefault\u201c global_colors_info=\u201c{}\u201c][\/et_pb_image][\/et_pb_column][et_pb_column type=\u201c1_2\u2033 _builder_version=\u201c4.17.4\u201c _module_preset=\u201cdefault\u201c global_colors_info=\u201c {}\u201c][et_pb_text _builder_version=\u201c4.17.4\u2033 _module_preset=\u201cdefault\u201c global_colors_info=\u201c{}\u201c]<\/p>\n<p>Whatever&#039;s Left aus Groningen ist eine irische Folk-Rock-Band, und dieser Sechser durchl\u00e4uft eine st\u00fcrmische Entwicklung. Sie haben in den letzten Jahren viele Festivals und Pubs unsicher gemacht und eine irische Atmosph\u00e4re zum Einsturz gebracht. Derzeit spielen sie bekannte und weniger bekannte Cover von Bands wie Flogging Molly, Fiddlers Green, Dropkick Murphys und The Rumjacks. Dar\u00fcber hinaus arbeiten sie an ihrem eigenen Material und haben lustige Mitsinglieder zum Mitsingen!<\/p>\n<p>Verpassen Sie es nicht, denn Whatever&#039;s Left wird jedes Zelt auf den Kopf stellen!<\/p>\n<p>[\/et_pb_text][et_pb_code _builder_version=\u201c4.17.4\u2033 _module_preset=\u201cdefault\u201c hover_enabled=\u201c0\u2033 sticky_enabled=\u201c0\u2033]<iframe loading=\"lazy\" width=\"560\" height=\"315\" src=\"https:\/\/www.youtube.com\/embed\/Ygk8hcHrX54?si=q3tcCvT3rDtPJ-kG\" title=\"YouTube-Videoplayer\" frameborder=\"0\" allow=\"accelerometer; autoplay; clipboard-write; encrypted-media; gyroscope; picture-in-picture; web-share\" allowfullscreen><\/iframe>[\/et_pb_code][\/et_pb_column][\/et_pb_row][\/et_pb_section]<\/p>","protected":false},"excerpt":{"rendered":"<p>Whatever&#039;s LeftWhatever&#039;s Left aus Groningen ist eine irische Folk-Rock-Band, und dieser Sechser durchl\u00e4uft eine st\u00fcrmische Entwicklung. In den letzten Jahren haben sie viele Festivals und Pubs unsicher gemacht und eine irische Atmosph\u00e4re in die Luft gesprengt. Derzeit spielen sie bekannte und weniger bekannte Cover von Bands wie Flogging Molly, Fiddlers Green, Dropkick Murphys und The Rumjacks. Dar\u00fcber hinaus arbeiten wir an unserem eigenen Material und [...]<\/p>","protected":false},"author":1,"featured_media":0,"parent":0,"menu_order":0,"comment_status":"closed","ping_status":"closed","template":"","meta":{"_et_pb_use_builder":"on","_et_pb_old_content":"","_et_gb_content_width":"","footnotes":""},"class_list":["post-5362","page","type-page","status-publish","hentry"],"_links":{"self":[{"href":"https:\/\/test.celticfolkfestival.com\/de\/wp-json\/wp\/v2\/pages\/5362","targetHints":{"allow":["GET"]}}],"collection":[{"href":"https:\/\/test.celticfolkfestival.com\/de\/wp-json\/wp\/v2\/pages"}],"about":[{"href":"https:\/\/test.celticfolkfestival.com\/de\/wp-json\/wp\/v2\/types\/page"}],"author":[{"embeddable":true,"href":"https:\/\/test.celticfolkfestival.com\/de\/wp-json\/wp\/v2\/users\/1"}],"replies":[{"embeddable":true,"href":"https:\/\/test.celticfolkfestival.com\/de\/wp-json\/wp\/v2\/comments?post=5362"}],"version-history":[{"count":0,"href":"https:\/\/test.celticfolkfestival.com\/de\/wp-json\/wp\/v2\/pages\/5362\/revisions"}],"wp:attachment":[{"href":"https:\/\/test.celticfolkfestival.com\/de\/wp-json\/wp\/v2\/media?parent=5362"}],"curies":[{"name":"wp","href":"https:\/\/api.w.org\/{rel}","templated":true}]}}