{"id":5248,"date":"2024-02-02T18:07:26","date_gmt":"2024-02-02T17:07:26","guid":{"rendered":"https:\/\/test.celticfolkfestival.com\/?page_id=5248"},"modified":"2024-03-13T10:03:43","modified_gmt":"2024-03-13T09:03:43","slug":"old-man-fergus-2024","status":"publish","type":"page","link":"https:\/\/test.celticfolkfestival.com\/de\/old-man-fergus-2024\/","title":{"rendered":"Old Man Fergus"},"content":{"rendered":"<p>[et_pb_section fb_built=\u201c1\u2033 _builder_version=\u201c4.17.4\u201c _module_preset=\u201cdefault\u201c global_colors_info=\u201c{}\u201c][et_pb_row columns_structure=\u201c1_2,1_2\u2033 _builder_version=\u201c4.17.4\u2033 _module_preset=\u201cdefault\u201c global_colors_info=\u201c {}\u201c][et_pb_column type=\u201c1_2\u2033 _builder_version=\u201c4.17.4\u2033 _module_preset=\u201cdefault\u201c global_colors_info=\u201c{}\u201c][et_pb_image src=\u201chttps:\/\/test.celticfolkfestival.com\/wp-content\/uploads\/2024 \/02\/20240202_100907.jpg\u201c title_text=\u201c20240202_100907\u2033 _builder_version=\u201c4.17.4\u201c _module_preset=\u201cdefault\u201c custom_padding=\u201c|120px||||\u201c global_colors_info=\u201c{}\u201c][\/et_pb_image][\/et_pb_column][et_pb_column type=\u201c1_2\u2033 _builder_version=\u201c4.17.4\u201c _module_preset=\u201cdefault\u201c global_colors_info=\u201c{}\u201c][et_pb_text _builder_version=\u201c4.17.4\u201c _module_preset=\u201cdefault\u201c global_colors_info=\u201c{}\u201c]<\/p>\n<p>Als Folks\u00e4nger spielt Old Man Fergus haupts\u00e4chlich irische und schottische Balladen und Claddics.<\/p>\n<p>Seine Musik l\u00e4sst sich am besten als geradlinig, mit einem eigenen, entspannten Klang und vor allem direkt aus dem Herzen beschreiben.<\/p>\n<p>Wundersch\u00f6ne stimmungsvolle Balladen wechseln sich mit schnelleren traditionellen Liedern ab und werden das Publikum mit Sicherheit ber\u00fchren. Jeder hat ein gutes Gef\u00fchl dabei.<\/p>\n<p>Nat\u00fcrlich darf mitgetanzt und mitgesungen werden.<\/p>\n<p>[\/et_pb_text][et_pb_code _builder_version=\u201c4.17.4\u2033 _module_preset=\u201cdefault\u201c hover_enabled=\u201c0\u2033 sticky_enabled=\u201c0\u2033]<iframe loading=\"lazy\" width=\"560\" height=\"315\" src=\"https:\/\/www.youtube.com\/embed\/nrjnIXltgAo?si=dqHVBggn0sCiy6qj\" title=\"YouTube-Videoplayer\" frameborder=\"0\" allow=\"accelerometer; autoplay; clipboard-write; encrypted-media; gyroscope; picture-in-picture; web-share\" allowfullscreen><\/iframe>[\/et_pb_code][\/et_pb_column][\/et_pb_row][\/et_pb_section]<\/p>","protected":false},"excerpt":{"rendered":"<p>Als Folks\u00e4nger spielt Old Man Fergus haupts\u00e4chlich irische und schottische Balladen und Claddics. Seine Musik l\u00e4sst sich am besten als geradlinig, mit einem eigenen, entspannten Klang und vor allem direkt aus dem Herzen beschreiben. Wundersch\u00f6ne stimmungsvolle Balladen wechseln sich mit schnelleren traditionellen Liedern ab und werden das Publikum mit Sicherheit ber\u00fchren. Jeder bekommt [\u2026]<\/p>","protected":false},"author":2,"featured_media":0,"parent":0,"menu_order":0,"comment_status":"closed","ping_status":"closed","template":"","meta":{"_et_pb_use_builder":"on","_et_pb_old_content":"","_et_gb_content_width":"","footnotes":""},"class_list":["post-5248","page","type-page","status-publish","hentry"],"_links":{"self":[{"href":"https:\/\/test.celticfolkfestival.com\/de\/wp-json\/wp\/v2\/pages\/5248","targetHints":{"allow":["GET"]}}],"collection":[{"href":"https:\/\/test.celticfolkfestival.com\/de\/wp-json\/wp\/v2\/pages"}],"about":[{"href":"https:\/\/test.celticfolkfestival.com\/de\/wp-json\/wp\/v2\/types\/page"}],"author":[{"embeddable":true,"href":"https:\/\/test.celticfolkfestival.com\/de\/wp-json\/wp\/v2\/users\/2"}],"replies":[{"embeddable":true,"href":"https:\/\/test.celticfolkfestival.com\/de\/wp-json\/wp\/v2\/comments?post=5248"}],"version-history":[{"count":0,"href":"https:\/\/test.celticfolkfestival.com\/de\/wp-json\/wp\/v2\/pages\/5248\/revisions"}],"wp:attachment":[{"href":"https:\/\/test.celticfolkfestival.com\/de\/wp-json\/wp\/v2\/media?parent=5248"}],"curies":[{"name":"wp","href":"https:\/\/api.w.org\/{rel}","templated":true}]}}