{"id":5236,"date":"2024-02-02T17:48:19","date_gmt":"2024-02-02T16:48:19","guid":{"rendered":"https:\/\/test.celticfolkfestival.com\/?page_id=5236"},"modified":"2024-03-14T21:08:44","modified_gmt":"2024-03-14T20:08:44","slug":"roy-gullane-2024","status":"publish","type":"page","link":"https:\/\/test.celticfolkfestival.com\/de\/roy-gullane-2024\/","title":{"rendered":"Roy Gullane"},"content":{"rendered":"<p>[et_pb_section fb_built=\u201c1\u2033 _builder_version=\u201c4.17.4\u201c _module_preset=\u201cdefault\u201c global_colors_info=\u201c{}\u201c][et_pb_row columns_structure=\u201c1_2,1_2\u2033 _builder_version=\u201c4.17.4\u2033 _module_preset=\u201cdefault\u201c global_colors_info=\u201c {}\u201c][et_pb_column type=\u201c1_2\u2033 _builder_version=\u201c4.17.4\u2033 _module_preset=\u201cdefault\u201c global_colors_info=\u201c{}\u201c][et_pb_image src=\u201chttps:\/\/test.celticfolkfestival.com\/wp-content\/uploads\/2024 \/01\/Roy-Gullane.jpg\u201c title_text=\u201cRoy Gullane\u201c _builder_version=\u201c4.17.4\u2033 _module_preset=\u201cdefault\u201c custom_padding=\u201c|120px||||\u201c global_colors_info=\u201c{}\u201c][\/et_pb_image][\/et_pb_column][et_pb_column type=\u201c1_2\u2033 _builder_version=\u201c4.17.4\u201c _module_preset=\u201cdefault\u201c global_colors_info=\u201c{}\u201c][et_pb_text _builder_version=\u201c4.17.4\u201c _module_preset=\u201cdefault\u201c global_colors_info=\u201c{}\u201c]<\/p>\n<p>Roy begann seine Musikkarriere bei Matt McGinn, wo er viele seiner darstellenden K\u00fcnste erlernte. Damals spielte er haupts\u00e4chlich Banjo, aber im Laufe der Zeit bei den Tannahill Weavers begann er haupts\u00e4chlich, in der Band Gitarre zu spielen. Als Leads\u00e4nger war Roy schon immer ein Songwriter. Einer seiner ersten war \u201eBilbo\u201c, den er viele Jahre vor der Konzeption der \u201eHerr der Ringe\u201c-Filme komponierte. Die Tannahills haben viele seiner Lieder aufgenommen und er schreibt sie immer noch, aber er hat auch gerade ein Buch geschrieben! Seine Autobiografie ist jetzt erh\u00e4ltlich. Er hat auch zwei Nicht-Tannahill-Alben aufgenommen, ein Soloprojekt namens \u201eNot Only But Also\u201c und eines als Teil des Duos Gullane &amp; De Jong namens \u201eJink and Diddle\u201c.<\/p>\n<p>[\/et_pb_text][et_pb_code _builder_version=\u201c4.17.4\u2033 _module_preset=\u201cdefault\u201c hover_enabled=\u201c0\u2033 global_colors_info=\u201c{}\u201c sticky_enabled=\u201c0\u2033]<iframe loading=\"lazy\" width=\"560\" height=\"315\" src=\"https:\/\/www.youtube.com\/embed\/NsrPYtpoaiQ?si=HfnLN9kYmwWkyivk&amp;start=59\" title=\"YouTube-Videoplayer\" frameborder=\"0\" allow=\"accelerometer; autoplay; clipboard-write; encrypted-media; gyroscope; picture-in-picture; web-share\" allowfullscreen><\/iframe>[\/et_pb_code][\/et_pb_column][\/et_pb_row][\/et_pb_section]<\/p>","protected":false},"excerpt":{"rendered":"<p>Roy begann seine Musikkarriere bei Matt McGinn, wo er viele seiner darstellenden K\u00fcnste erlernte. Damals spielte er haupts\u00e4chlich Banjo, aber im Laufe der Zeit bei den Tannahill Weavers begann er haupts\u00e4chlich, in der Band Gitarre zu spielen. Als Leads\u00e4nger war Roy schon immer ein Songwriter. Eines seiner ersten Werke war \u201eBilbo\u201c, das viele [\u2026] komponierte.<\/p>","protected":false},"author":2,"featured_media":0,"parent":0,"menu_order":0,"comment_status":"closed","ping_status":"closed","template":"","meta":{"_et_pb_use_builder":"on","_et_pb_old_content":"","_et_gb_content_width":"","footnotes":""},"class_list":["post-5236","page","type-page","status-publish","hentry"],"_links":{"self":[{"href":"https:\/\/test.celticfolkfestival.com\/de\/wp-json\/wp\/v2\/pages\/5236","targetHints":{"allow":["GET"]}}],"collection":[{"href":"https:\/\/test.celticfolkfestival.com\/de\/wp-json\/wp\/v2\/pages"}],"about":[{"href":"https:\/\/test.celticfolkfestival.com\/de\/wp-json\/wp\/v2\/types\/page"}],"author":[{"embeddable":true,"href":"https:\/\/test.celticfolkfestival.com\/de\/wp-json\/wp\/v2\/users\/2"}],"replies":[{"embeddable":true,"href":"https:\/\/test.celticfolkfestival.com\/de\/wp-json\/wp\/v2\/comments?post=5236"}],"version-history":[{"count":0,"href":"https:\/\/test.celticfolkfestival.com\/de\/wp-json\/wp\/v2\/pages\/5236\/revisions"}],"wp:attachment":[{"href":"https:\/\/test.celticfolkfestival.com\/de\/wp-json\/wp\/v2\/media?parent=5236"}],"curies":[{"name":"wp","href":"https:\/\/api.w.org\/{rel}","templated":true}]}}