{"id":5108,"date":"2024-01-28T13:20:34","date_gmt":"2024-01-28T12:20:34","guid":{"rendered":"https:\/\/test.celticfolkfestival.com\/?page_id=5108"},"modified":"2024-03-13T11:01:44","modified_gmt":"2024-03-13T10:01:44","slug":"the-shannons-2024","status":"publish","type":"page","link":"https:\/\/test.celticfolkfestival.com\/de\/the-shannons-2024\/","title":{"rendered":"The Shannons"},"content":{"rendered":"<p>[et_pb_section fb_built=\u201c1\u2033 _builder_version=\u201c4.17.4\u2033 _module_preset=\u201cdefault\u201c global_colors_info=\u201c{}\u201c][et_pb_row columns_structure=\u201c1_2,1_2\u2033 _builder_version=\u201c4.17.4\u2033 _module_preset=\u201cdefault\u201c global_colors_info=\u201c {}\u201c][et_pb_column type=\u201c1_2\u2033 _builder_version=\u201c4.17.4\u2033 _module_preset=\u201cdefault\u201c global_colors_info=\u201c{}\u201c][et_pb_image src=\u201chttps:\/\/test.celticfolkfestival.com\/wp-content\/uploads\/2024 \/01\/1223-Shannons-04m.jpg\u201c title_text=\u201c1223 Shannons 04m\u201c _builder_version=\u201c4.17.4\u201c _module_preset=\u201cdefault\u201c global_colors_info=\u201c{}\u201c][\/et_pb_image][et_pb_code _builder_version=\u201c4.17.4\u201c _module_preset=\u201cdefault\u201c global_colors_info=\u201c{}\u201c]<iframe src=\"https:\/\/player.vimeo.com\/video\/922834127?h=17c398d4ac&#038;badge=0&#038;autopause=0&#038;player_id=0&#038;app_id=58479\" frameborder=\"0\" allow=\"autoplay; fullscreen; picture-in-picture; clipboard-write\" style=\"position:absolute;top:0;left:0;width:100%;height:100%;\" title=\"The Shannons\"><\/iframe><!-- [et_pb_line_break_holder] --><script src=\"https:\/\/player.vimeo.com\/api\/player.js\"><\/script>[\/et_pb_code] [\/et_pb_column] [et_pb_column type = &quot;1_2&quot; _builder_version = &quot;4.17.4&quot; _module_Preset = &quot;Default&quot; global_colors_info = &quot;{{}&quot;] [ET_PB_TEXT _BEUTRE_MOGE_MOD_MOD_MOD_MOGE_MOGE_MOGE_MOGE_MOGE_MODE_MODE_MOULDE_MOULDE \u201dGlobal_colors_info = \u201d{}\u201d]<\/p>\n<p style=\"text-align: center;\">Eine Country\/Folk-Band mit einem einzigartigen Sound. Bei einer Show der Shannons kommen Fans von Country-, Americana- und irischen Mitsingsongs voll auf ihre Kosten! Mit Musik von Dolly Parton, The Dubliners, Dropkick Murphy&#039;s, Johnny Cash, Mumford &amp; Sons, The Pogues, Emmylou Harris und vielen anderen. Die Shannons spielen auch eigene Werke, die genau in dieses Genre fallen. Noel und Lynn Shannon touren seit Jahren gemeinsam durch Europa und spielen unter anderem Folkmusik. Nachdem die Basis nun wieder in den Niederlanden liegt, haben sie ihre Liebe zur Country-Musik zum Irish Folk hinzugef\u00fcgt.<br \/>\u201eCountry-Musik passt perfekt zu dem irischen Folk, den wir bereits gespielt haben\u201c, sagt Lynn Shannon. \u201eWir spielen beide Musikstile aus tiefstem Herzen. Das sp\u00fcrt und sieht das Publikum und es vermittelt das Gef\u00fchl, dass man als Veranstaltungsort eine Einheit mit dem Publikum bildet. Die gemeinsame Liebe zur Musik\u201c.<\/p>\n<p style=\"text-align: center;\">Es ist unm\u00f6glich, w\u00e4hrend eines Auftritts der Shannons stillzustehen, aber zwischen der mitrei\u00dfenden Musik, die fast jeder kennt, spielt die Band ab und zu eine Ballade, die das Herz ber\u00fchrt.<\/p>\n<p>[\/et_pb_text][et_pb_video src=\u201chttps:\/\/www.youtube.com\/watch?v=umkSUxoWO6g&amp;ab_channel=TheShannons\u201c _builder_version=\u201c4.17.4\u201c _module_preset=\u201cdefault\u201c hover_enabled=\u201c0\u2033 sticky_enabled=\u201c0\u2033] [\/et_pb_video][et_pb_code _builder_version=\u201c4.17.4\u201c _module_preset=\u201cdefault\u201c global_colors_info=\u201c{}\u201c][\/et_pb_code][\/et_pb_column][\/et_pb_row][\/et_pb_section]<\/p>","protected":false},"excerpt":{"rendered":"<p>Eine Country\/Folk-Band mit einem einzigartigen Sound. Bei einer Show der Shannons kommen Fans von Country-, Americana- und irischen Mitsingsongs voll auf ihre Kosten! Mit Musik von Dolly Parton, The Dubliners, Dropkick Murphy&#039;s, Johnny Cash, Mumford &amp; Sons, The Pogues, Emmylou Harris und vielen anderen. Die Shannons spielen auch ihre eigenen Werke, [\u2026]<\/p>","protected":false},"author":2,"featured_media":0,"parent":0,"menu_order":0,"comment_status":"closed","ping_status":"closed","template":"","meta":{"_et_pb_use_builder":"on","_et_pb_old_content":"","_et_gb_content_width":"","footnotes":""},"class_list":["post-5108","page","type-page","status-publish","hentry"],"_links":{"self":[{"href":"https:\/\/test.celticfolkfestival.com\/de\/wp-json\/wp\/v2\/pages\/5108","targetHints":{"allow":["GET"]}}],"collection":[{"href":"https:\/\/test.celticfolkfestival.com\/de\/wp-json\/wp\/v2\/pages"}],"about":[{"href":"https:\/\/test.celticfolkfestival.com\/de\/wp-json\/wp\/v2\/types\/page"}],"author":[{"embeddable":true,"href":"https:\/\/test.celticfolkfestival.com\/de\/wp-json\/wp\/v2\/users\/2"}],"replies":[{"embeddable":true,"href":"https:\/\/test.celticfolkfestival.com\/de\/wp-json\/wp\/v2\/comments?post=5108"}],"version-history":[{"count":0,"href":"https:\/\/test.celticfolkfestival.com\/de\/wp-json\/wp\/v2\/pages\/5108\/revisions"}],"wp:attachment":[{"href":"https:\/\/test.celticfolkfestival.com\/de\/wp-json\/wp\/v2\/media?parent=5108"}],"curies":[{"name":"wp","href":"https:\/\/api.w.org\/{rel}","templated":true}]}}