{"id":5082,"date":"2024-01-27T14:45:09","date_gmt":"2024-01-27T13:45:09","guid":{"rendered":"https:\/\/test.celticfolkfestival.com\/?page_id=5082"},"modified":"2024-01-28T17:05:52","modified_gmt":"2024-01-28T16:05:52","slug":"whisky-tasting","status":"publish","type":"page","link":"https:\/\/test.celticfolkfestival.com\/de\/whisky-tasting\/","title":{"rendered":"Whisky-Verkostung"},"content":{"rendered":"<p>[et_pb_section fb_built=\u201c1\u2033 _builder_version=\u201c4.17.4\u201c _module_preset=\u201cdefault\u201c global_colors_info=\u201c{}\u201c][et_pb_row _builder_version=\u201c4.17.4\u2033 _module_preset=\u201cdefault\u201c global_colors_info=\u201c{}\u201c][et_pb_column type =\u201c4_4\u2033 _builder_version=\u201c4.17.4\u201c _module_preset=\u201cdefault\u201c global_colors_info=\u201c{}\u201c][et_pb_text _builder_version=\u201c4.17.4\u201c _module_preset=\u201cdefault\u201c global_colors_info=\u201c{}\u201c]<\/p>\n<h1 style=\"text-align: center;\"><strong>Whisky-Verkostung<\/strong><\/h1>\n<p>[\/et_pb_text][\/et_pb_column][\/et_pb_row][et_pb_row columns_structure=\u201c1_2,1_2\u2033 _builder_version=\u201c4.17.4\u201c _module_preset=\u201cdefault\u201c global_colors_info=\u201c{}\u201c][et_pb_column type=\u201c1_2\u2033 _builder_version=\u201c 4.17.4\u2033 _module_preset=\u201cdefault\u201c global_colors_info=\u201c{}\u201c][et_pb_image src=\u201chttps:\/\/test.celticfolkfestival.com\/wp-content\/uploads\/2024\/01\/Eelde-Whisky-Tasting.jpeg\u201c title_text=\u201c Eelde Whisky-Verkostung\u201c _builder_version=\u201c4.17.4\u2033 _module_preset=\u201cdefault\u201c global_colors_info=\u201c{}\u201c][\/et_pb_image][\/et_pb_column][et_pb_column type=\u201c1_2\u2033 _builder_version=\u201c4.17.4\u2033 _module_preset=\u201cdefault\u201c global_colors_info=\u201c{}\u201c][et_pb_text _builder_version=\u201c4.17.4\u2033 _module_preset=\u201cdefault\u201c global_colors_info=\u201c{}\u201c]<\/p>\n<p>&nbsp;<\/p>\n<ul>\n<li><span style=\"font-size: 14px;\">Probieren Sie Whiskys<\/span><\/li>\n<li>Essen Sie den leckeren Snack, der dazu geh\u00f6rt<\/li>\n<li>H\u00f6ren Sie sich eine einzigartige Geschichte an<\/li>\n<li>Genie\u00dfen Sie die passende Musik<\/li>\n<li>Erhalten Sie zus\u00e4tzliche Informationen<\/li>\n<\/ul>\n<h3><\/h3>\n<p>&nbsp;<\/p>\n<p>[\/et_pb_text][\/et_pb_column][\/et_pb_row][et_pb_row _builder_version=\u201c4.17.4\u201c _module_preset=\u201cdefault\u201c global_colors_info=\u201c{}\u201c][et_pb_column type=\u201c4_4\u2033 _builder_version=\u201c4.17.4\u201c _module_preset=\u201c default\u201c global_colors_info=\u201c{}\u201c][et_pb_text _builder_version=\u201c4.17.4\u2033 _module_preset=\u201cdefault\u201c global_colors_info=\u201c{}\u201c]<\/p>\n<h4><strong>Probieren Sie den Zauber der Highlands bei unserer allerersten Whisky-Verkostung beim Celtic Folk Festival in Eelde!<\/strong><\/h4>\n<p>Tauchen Sie ein in eine Welt voller Aromen, Geschichten und bezaubernder Musik, w\u00e4hrend wir Sie auf eine unvergessliche Reise durch die schottischen und irischen Highlands mitnehmen. Lassen Sie sich von der Charaktertiefe, der reichen Geschichte und den warmen T\u00f6nen unserer sorgf\u00e4ltig ausgew\u00e4hlten Whiskys \u00fcberraschen. Jedes Glas wird von einer pers\u00f6nlichen Geschichte begleitet und von den bezaubernden Kl\u00e4ngen von Rapalje umrahmt, die speziell ausgew\u00e4hlt wurden, um die Essenz jedes Whiskys einzufangen.<\/p>\n<p>Und als ob das noch nicht genug w\u00e4re, verw\u00f6hnen wir Ihren Gaumen mit k\u00f6stlichen Snacks, die perfekt zu den einzigartigen Geschmacksprofilen jedes einzelnen Whiskys passen. Bereiten Sie sich auf eine Verkostung voller Genuss und Entdeckungen vor, bei der sich Whisky, Geschichten und Musik zu einem harmonischen Fest f\u00fcr die Sinne vereinen.<\/p>\n<p>Lassen Sie sich dieses einzigartige Erlebnis beim Celtic Folk Festival in Eelde nicht entgehen. Wir freuen uns darauf, mit Ihnen auf die Sch\u00f6nheit keltischer Traditionen und die reiche Welt des Whiskys anzusto\u00dfen!<\/p>\n<p>[\/et_pb_text][\/et_pb_column][\/et_pb_row][et_pb_row columns_structure=\u201c1_2,1_2\u2033 _builder_version=\u201c4.17.4\u201c _module_preset=\u201cdefault\u201c global_colors_info=\u201c{}\u201c][et_pb_column type=\u201c1_2\u2033 _builder_version=\u201c 4.17.4\u2033 _module_preset=\u201cdefault\u201c global_colors_info=\u201c{}\u201c][et_pb_text _builder_version=\u201c4.17.4\u201c _module_preset=\u201cdefault\u201c global_colors_info=\u201c{}\u201c][\/et_pb_text][et_pb_text _builder_version=\u201c4.17.4\u201c _module_preset=\u201cdefault\u201c global_colors_info=\u201c{}\u201c]<\/p>\n<h3><strong>Einzigartige Verkostung!<\/strong><\/h3>\n<ul>\n<li>Entdecken Sie Rapaljes Lieblingswhiskys<\/li>\n<li>Whisky-Hintergrundgeschichten<\/li>\n<li>Rapaljes pers\u00f6nliche Geschichte mit den Whiskys<\/li>\n<li>Der Snack, der zum Whisky passt<\/li>\n<li>Ein von Rapalje ausgew\u00e4hltes Lied, das von ihnen mit bestimmten Whiskys gespielt wird.<\/li>\n<\/ul>\n<p>[\/et_pb_text] [\/et_pb_column] [et_pb_column type = &quot;1_2&quot; _builder_version = &quot;4.17.4&quot; _module_Preset = &quot;Default&quot; global_colors_info = &quot;{{}&quot;] [ET_PB_TEXT _BEUTRE_MOD_MOD_MOD_MOD_MOD_MODE_MODE_MOGE_MOGE_MODE_MODE_MODE_MOULDE_MOULDE_MOULDE_MEIDERSIGERS. global_colors_info = \u201d{}\u201d]<\/p>\n<h3><strong>ACHTUNG!<br \/>\u2013 Nur f\u00fcr 18+<\/strong><\/h3>\n<h3><strong>\u2013 Begrenzte Anzahl an Karten, <\/strong><\/h3>\n<h3><strong>\u2013 W\u00e4hrend der Verkostungen ist das Filmen nicht gestattet<\/strong><\/h3>\n<h3><strong>\u2013 Was bei diesem einzigartigen Whisky-Tasting passiert, bleibt beim Whisky-Tasting h\u00e4ngen \ud83d\ude42<\/strong><\/h3>\n<p>[\/et_pb_text][\/et_pb_column][\/et_pb_row][\/et_pb_section]<\/p>","protected":false},"excerpt":{"rendered":"<p>Whisky-Verkostung Probieren Sie Whiskys. Genie\u00dfen Sie den k\u00f6stlichen Snack, der dazu geh\u00f6rt. H\u00f6ren Sie sich eine einzigartige Geschichte an. Genie\u00dfen Sie die passende Musik. Holen Sie sich zus\u00e4tzliche Informationen. Probieren Sie die Magie der Highlands bei unserer allerersten Whisky-Verkostung beim Celtic Folk Festival in Eelde! Tauchen Sie ein in eine Welt voller Aromen, Geschichten und bezaubernder Musik, w\u00e4hrend [\u2026]<\/p>","protected":false},"author":1,"featured_media":0,"parent":0,"menu_order":0,"comment_status":"closed","ping_status":"closed","template":"","meta":{"_et_pb_use_builder":"on","_et_pb_old_content":"","_et_gb_content_width":"","footnotes":""},"class_list":["post-5082","page","type-page","status-publish","hentry"],"_links":{"self":[{"href":"https:\/\/test.celticfolkfestival.com\/de\/wp-json\/wp\/v2\/pages\/5082","targetHints":{"allow":["GET"]}}],"collection":[{"href":"https:\/\/test.celticfolkfestival.com\/de\/wp-json\/wp\/v2\/pages"}],"about":[{"href":"https:\/\/test.celticfolkfestival.com\/de\/wp-json\/wp\/v2\/types\/page"}],"author":[{"embeddable":true,"href":"https:\/\/test.celticfolkfestival.com\/de\/wp-json\/wp\/v2\/users\/1"}],"replies":[{"embeddable":true,"href":"https:\/\/test.celticfolkfestival.com\/de\/wp-json\/wp\/v2\/comments?post=5082"}],"version-history":[{"count":0,"href":"https:\/\/test.celticfolkfestival.com\/de\/wp-json\/wp\/v2\/pages\/5082\/revisions"}],"wp:attachment":[{"href":"https:\/\/test.celticfolkfestival.com\/de\/wp-json\/wp\/v2\/media?parent=5082"}],"curies":[{"name":"wp","href":"https:\/\/api.w.org\/{rel}","templated":true}]}}