{"id":5064,"date":"2024-01-26T11:14:48","date_gmt":"2024-01-26T10:14:48","guid":{"rendered":"https:\/\/test.celticfolkfestival.com\/?page_id=5064"},"modified":"2024-01-26T11:20:33","modified_gmt":"2024-01-26T10:20:33","slug":"museumdebuitenplaats","status":"publish","type":"page","link":"https:\/\/test.celticfolkfestival.com\/de\/museumdebuitenplaats\/","title":{"rendered":"Museumdebuitenplaats"},"content":{"rendered":"<p>[et_pb_section fb_built=\u201c1\u2033 theme_builder_area=\u201cpost_content\u201c _builder_version=\u201c4.17.4\u201c _module_preset=\u201cdefault\u201c][et_pb_row _builder_version=\u201c4.17.4\u201c _module_preset=\u201cdefault\u201c theme_builder_area=\u201cpost_content\u201c columns_structure=\u201c1_2,1_2 \u2033][et_pb_column _builder_version=\u201c4.17.4\u201c _module_preset=\u201cdefault\u201c type=\u201c1_2\u201c theme_builder_area=\u201cpost_content\u201c][et_pb_image _builder_version=\u201c4.17.4\u201c _module_preset=\u201cdefault\u201c theme_builder_area=\u201cpost_content\u201c title_text=\u201cmuseum de Buitenplaats\u201c src=\u201chttps:\/\/test.celticfolkfestival.com\/wp-content\/uploads\/2024\/01\/museum-de-buitenplaats.jpeg\u201c hover_enabled=\u201c0\u2033 sticky_enabled=\u201c0\u2033][\/et_pb_image][\/et_pb_column ][et_pb_column _builder_version=\u201c4.17.4\u2033 _module_preset=\u201cdefault\u201c type=\u201c1_2\u2033 theme_builder_area=\u201cpost_content\u201c][et_pb_text _builder_version=\u201c4.17.4\u201c _module_preset=\u201cdefault\u201c theme_builder_area=\u201cpost_content\u201c hover_enabled=\u201c0 \u2033 sticky_enabled=\u201c0\u2033]<\/p>\n<p>Das Museum De Buitenplaats in Eelde, Drenthe, pflegt eine reiche Sammlung figurativer Kunst und bietet einen bedeutungsvollen Ort f\u00fcr die \u00f6rtliche Gemeinschaft. Das Museum entstand aus der Restaurierung des Nijsinghhuis aus dem 17. Jahrhundert und fungiert als kulturelles Zentrum. Mit dem Museumspavillon, den G\u00e4rten und der Orangerie dient es als Treffpunkt und B\u00fchne f\u00fcr darstellende K\u00fcnste. Das Nijsingh-Haus, heute ein integraler Bestandteil des Museums, ist ein historisches Juwel, das den Einheimischen offen steht. Das Museumscaf\u00e9 mit seinen saisonalen Gerichten und Kunstwerken aus der Sammlung verbindet die Bewohner von Eelde auf einzigartige Weise mit Kunst, Natur und Kultur.<\/p>\n<p>[\/et_pb_text][\/et_pb_column][\/et_pb_row][\/et_pb_section]<\/p>","protected":false},"excerpt":{"rendered":"<p>Das Museum De Buitenplaats in Eelde, Drenthe, pflegt eine reiche Sammlung figurativer Kunst und bietet einen bedeutungsvollen Ort f\u00fcr die \u00f6rtliche Gemeinschaft. Das Museum entstand aus der Restaurierung des Nijsinghhuis aus dem 17. Jahrhundert und fungiert als kulturelles Zentrum. Mit Museumspavillon, G\u00e4rten und Orangerie dient es als Treffpunkt und B\u00fchne f\u00fcr darstellende K\u00fcnste. Das Nijsingh-Haus, jetzt [\u2026]<\/p>","protected":false},"author":1,"featured_media":0,"parent":0,"menu_order":0,"comment_status":"closed","ping_status":"closed","template":"","meta":{"_et_pb_use_builder":"on","_et_pb_old_content":"","_et_gb_content_width":"","footnotes":""},"class_list":["post-5064","page","type-page","status-publish","hentry"],"_links":{"self":[{"href":"https:\/\/test.celticfolkfestival.com\/de\/wp-json\/wp\/v2\/pages\/5064","targetHints":{"allow":["GET"]}}],"collection":[{"href":"https:\/\/test.celticfolkfestival.com\/de\/wp-json\/wp\/v2\/pages"}],"about":[{"href":"https:\/\/test.celticfolkfestival.com\/de\/wp-json\/wp\/v2\/types\/page"}],"author":[{"embeddable":true,"href":"https:\/\/test.celticfolkfestival.com\/de\/wp-json\/wp\/v2\/users\/1"}],"replies":[{"embeddable":true,"href":"https:\/\/test.celticfolkfestival.com\/de\/wp-json\/wp\/v2\/comments?post=5064"}],"version-history":[{"count":0,"href":"https:\/\/test.celticfolkfestival.com\/de\/wp-json\/wp\/v2\/pages\/5064\/revisions"}],"wp:attachment":[{"href":"https:\/\/test.celticfolkfestival.com\/de\/wp-json\/wp\/v2\/media?parent=5064"}],"curies":[{"name":"wp","href":"https:\/\/api.w.org\/{rel}","templated":true}]}}