{"id":2514,"date":"2023-03-09T22:55:33","date_gmt":"2023-03-09T21:55:33","guid":{"rendered":"https:\/\/test.celticfolkfestival.com\/?page_id=2514"},"modified":"2024-03-11T16:11:03","modified_gmt":"2024-03-11T15:11:03","slug":"school","status":"publish","type":"page","link":"https:\/\/test.celticfolkfestival.com\/de\/school\/","title":{"rendered":"Schule"},"content":{"rendered":"<p>[et_pb_section fb_built=\u201c1\u2033 _builder_version=\u201c4.17.4\u2033 _module_preset=\u201cdefault\u201c background_image=\u201chttps:\/\/test.celticfolkfestival.com\/wp-content\/uploads\/2024\/03\/CCF-plaatje-eelde-2.png\u201c custom_margin=\u201c||||false|false\u201c custom_padding=\u201c||3px|||\u201c hover_enabled=\u201c0\u2033 global_colors_info=\u201c{}\u201c theme_builder_area=\u201cpost_content\u201c sticky_enabled=\u201c0\u2033][et_pb_row _builder_version=\u201c4.17.4\u201c _module_preset=\u201cdefault\u201c width=\u201c100%\u201c max_width=\u201c1247px\u201c module_alignment=\u201ccenter \u201ecustom_padding=\u201c|||0px||\u201c global_colors_info=\u201c{}\u201c theme_builder_area=\u201cpost_content\u201c][et_pb_column type=\u201c4_4\u2033 _builder_version=\u201c4.17.4\u201c _module_preset=\u201cdefault\u201c global_colors_info=\u201c{}\u201c theme_builder_area=\u201cpost_content\u201c][et_pb_image src=\u201chttps: \/\/test.celticfolkfestival.com\/wp-content\/uploads\/2024\/03\/CCF-logo.png\u201c title_text=\u201cCCF-Logo\u201c align=\u201ccenter\u201c _builder_version=\u201c4.17.4\u201c _module_preset=\u201cdefault\u201c background_enable_image=\u201coff\u201c width=\u201c100%\u201c custom_padding=\u201c|||0px||\u201c global_colors_info=\u201c{}\u201c theme_builder_area=\u201cpost_content\u201c][\/et_pb_image][et_pb_text _builder_version=\u201c4.17.4\u201c _module_preset=\u201cdefault\u201c header_text_align=\u201ccenter\u201c header_text_color=\u201c#FFFFFF\u201c custom_margin=\u201c-55px||||false |false\u201c hover_enabled=\u201c0\u2033 global_colors_info=\u201c{}\u201c theme_builder_area=\u201cpost_content\u201c custom_margin_last_edited=\u201con|phone\u201c sticky_enabled=\u201c0\u2033 custom_margin_phone=\u201c-35px||||false|false\u201c custom_margin_tablet=\u201c-55px| |||false|false\u201c]<\/p>\n<h1>Kommende Veranstaltungen:<\/h1>\n<p>[\/et_pb_text][\/et_pb_column][\/et_pb_row][et_pb_row columns_structure=\u201c1_3,1_3,1_3\u2033 _builder_version=\u201c4.17.4\u201c _module_preset=\u201cdefault\u201c global_colors_info=\u201c{}\u201c theme_builder_area=\u201cpost_content\u201c][et_pb_column type =\u201c1_3\u2033 _builder_version=\u201c4.17.4\u201c _module_preset=\u201cdefault\u201c global_colors_info=\u201c{}\u201c theme_builder_area=\u201cpost_content\u201c][et_pb_image src=\u201chttps:\/\/test.celticfolkfestival.com\/wp-content\/uploads\/2024\/01 \/Celtic-Folk-Festival-Eelde-2024.jpg\u201c title_text=\u201cA0 Poster Eelde\u201c url=\u201c@ET-DC@eyJkeW5hbWljIjp0cnVlLCJjb250ZW50IjoicG9zdF9saW5rX3VybF9wYWdlIiwic2V0dGluZ3MiOnsicG9zdF9p 6IjExNzkifX0=@\u201c align=\u201ccenter\u201c _builder_version=\u201c4.17.4\u2033 _dynamic_attributes=\u201curl\u201c _module_preset =\u201cdefault\u201c width=\u201c65%\u201c global_colors_info=\u201c{}\u201c theme_builder_area=\u201cpost_content\u201c][\/et_pb_image][\/et_pb_column][et_pb_column type=\u201c1_3\u2033 _builder_version=\u201c4.17.4\u201c _module_preset=\u201cdefault\u201c global_colors_info = \u201e{}\u201c theme_builder_area=\u201cpost_content\u201c][et_pb_image src=\u201chttps:\/\/test.celticfolkfestival.com\/wp-content\/uploads\/2024\/03\/administratie-eelde-kinder.jpg\u201c title_text=\u201ccommercial eelde kinder\u201c url = \u201e@ET-DC@eyJkeW5hbWljIjp0cnVlLCJjb250ZW50IjoicG9zdF9saW5rX3VybF9wYWdlIiwic2V0dGluZ3MiOnsicG9zdF9pZCI6IjQxNTI4In19@\u201c align=\u201ccenter\u201c _builder_version=\u201c4.17.4\u2033 _ dynamische _attributes=\u201curl\u201c _module_preset=\u201cdefault\u201c width=\u201c65%\u201c global_colors_info=\u201c{}\u201c theme_builder_area=\u201cpost_content\u201c] [\/ et_pb_image][\/et_pb_column][et_pb_column type=\u201c1_3\u2033 _builder_version=\u201c4.17.4\u201c _module_preset=\u201cdefault\u201c global_colors_info=\u201c{}\u201c theme_builder_area=\u201cpost_content\u201c][et_pb_image src=\u201chttps:\/\/celticfolkfestival. com\/ wp-content\/uploads\/2024\/03\/Celtic-Folk-Festival-EM2-2024.jpg\u201c title_text=\u201cCeltic Folk Festival \u2013 1\u2033 align=\u201ccenter\u201c _builder_version=\u201c4.17.4\u201c _module_preset=\u201cdefault\u201c width= \u201e65%\u201c global_colors_info=\u201c{}\u201c theme_builder_area=\u201cpost_content\u201c][\/et_pb_image][\/et_pb_column][\/et_pb_row][\/et_pb_section][et_pb_section fb_built=\u201c1\u2033 _builder_version=\u201c4.17.4\u201c _module_preset=\u201c default\u201c global_colors_info=\u201c{}\u201c][et_pb_row _builder_version=\u201c4.17.4\u2033 _module_preset=\u201cdefault\u201c global_colors_info=\u201c{}\u201c][et_pb_column type=\u201c4_4\u2033 _builder_version=\u201c4.17.4\u2033 _module_preset=\u201cdefault\u201c global_colors_info =\u201c {}\u201c][et_pb_text _builder_version=\u201c4.17.4\u2033 _module_preset=\u201cdefault\u201c global_colors_info=\u201c{}\u201c]<\/p>\n<h1 style=\"text-align: center;\">&#039;St\u00fcck Kuchen&#039;<\/h1>\n<p>Das Celtic Folk Festival hat speziell f\u00fcr Sie ein Musikgedicht geschrieben und wir m\u00f6chten Ihnen zeigen, dass sich \u00dcbung auszahlt! Nachdem Sie sich das Video angesehen haben, k\u00f6nnen Sie uns wahrscheinlich sagen, woran Sie hart arbeiten m\u00f6chten und auf welche Weise. Vielleicht spielst du ein Instrument?<\/p>\n<p>[\/et_pb_text][\/et_pb_column][\/et_pb_row][et_pb_row _builder_version=\u201c4.17.4\u201c _module_preset=\u201cdefault\u201c global_colors_info=\u201c{}\u201c][et_pb_column type=\u201c4_4\u2033 _builder_version=\u201c4.17.4\u201c _module_preset=\u201c default\u201c global_colors_info=\u201c{}\u201c][et_pb_video src=\u201chttps:\/\/vimeo.com\/806445652\u2033 _builder_version=\u201c4.17.4\u2033 _module_preset=\u201cdefault\u201c global_colors_info=\u201c{}\u201c][\/et_pb_video][\/et_pb_column ][\/et_pb_row][et_pb_row columns_structure=\u201c1_2,1_2\u2033 _builder_version=\u201c4.17.4\u2033 _module_preset=\u201cdefault\u201c global_colors_info=\u201c{}\u201c][et_pb_column type=\u201c1_2\u2033 _builder_version=\u201c4.17.4\u2033 _module_preset=\u201c default\u201c global_colors_info=\u201c{}\u201c][et_pb_text _builder_version=\u201c4.17.4\u2033 _module_preset=\u201cdefault\u201c text_font_size=\u201c18px\u201c global_colors_info=\u201c{}\u201c]<\/p>\n<p><strong>Aus Versuchen kann man lernen!<\/strong><\/p>\n<p><strong>Das bedeutet, dass es gut ist, sich selbst herauszufordern und neue Dinge auszuprobieren, auch wenn es zun\u00e4chst schwierig erscheint.<\/strong><\/p>\n<p><strong>Wenn Sie etwas Neues ausprobieren, ist es wichtig, durchzuhalten und geduldig zu sein. Es ist auch gar nicht schlimm Fehler zu machen, denn daraus kann man lernen und wachsen.<\/strong><\/p>\n<p><strong>Ein Beispiel daf\u00fcr, etwas Neues auszuprobieren, ist Musik machen! Ob Sie ein Instrument spielen, singen oder einfach nur Musik h\u00f6ren, es kann Ihnen viel Spa\u00df und Entspannung bringen.<\/strong><\/p>\n<p><strong>Wenn Sie weiter \u00fcben und die Musik genie\u00dfen, die Sie machen, wird es einfacher. Denken Sie also daran: \u00dcbung macht den Meister!<\/strong><\/p>\n<p>[\/et_pb_text] [\/et_pb_column] [et_pb_column type = &quot;1_2&quot; _builder_version = &quot;4.17.4&quot; _module_Preset = &quot;Default&quot; global_colors_info = &quot;{{}&quot;] [et_pb_tex _buwersion = &quot;4.17 \u201dText_font_size = \u201e18px\u201c global_colors_info=\u201c{}\u201c]<\/p>\n<p>Fragen:<\/p>\n<ul>\n<li>Wer kann schon etwas gut?<\/li>\n<li>Was w\u00fcrden Sie gerne noch k\u00f6nnen?<\/li>\n<li>Wer k\u00f6nnte Ihnen helfen?<\/li>\n<li>Welches Instrument magst du?<\/li>\n<li>Was f\u00e4llt Ihnen manchmal schwer und wie halten Sie durch?<\/li>\n<li>Wie kann man jemanden ermutigen, etwas wirklich gut zu machen?<\/li>\n<li>Kannst du selbst ein Instrument spielen?<\/li>\n<\/ul>\n<ul><\/ul>\n<p>[\/et_pb_text][et_pb_image src=\u201chttps:\/\/test.celticfolkfestival.com\/wp-content\/uploads\/2023\/02\/fonds-voor-cultuur.jpeg\u201c title_text=\u201cfonds voorcultuur\u201c _builder_version=\u201c4.17.4\u2033 _module_preset = \u201edefault\u201c width=\u201c58%\u201c max_width=\u201c73%\u201c module_alignment=\u201ccenter\u201c global_colors_info=\u201c{}\u201c][\/et_pb_image][\/et_pb_column][\/et_pb_row][\/et_pb_section]<\/p>","protected":false},"excerpt":{"rendered":"<p>Kommende Veranstaltungen: \u201eEin St\u00fcck Kuchen\u201c Das Celtic Folk Festival hat speziell f\u00fcr Sie ein Musikgedicht zusammengestellt und damit m\u00f6chten wir Ihnen sagen, dass sich \u00dcbung auszahlt! Nachdem Sie sich das Video angesehen haben, k\u00f6nnen Sie uns sagen, woran Sie wie intensiv arbeiten m\u00f6chten. Vielleicht spielst du ein Instrument?<\/p>","protected":false},"author":1,"featured_media":2547,"parent":0,"menu_order":0,"comment_status":"closed","ping_status":"closed","template":"","meta":{"_et_pb_use_builder":"on","_et_pb_old_content":"","_et_gb_content_width":"","footnotes":""},"class_list":["post-2514","page","type-page","status-publish","has-post-thumbnail","hentry"],"_links":{"self":[{"href":"https:\/\/test.celticfolkfestival.com\/de\/wp-json\/wp\/v2\/pages\/2514","targetHints":{"allow":["GET"]}}],"collection":[{"href":"https:\/\/test.celticfolkfestival.com\/de\/wp-json\/wp\/v2\/pages"}],"about":[{"href":"https:\/\/test.celticfolkfestival.com\/de\/wp-json\/wp\/v2\/types\/page"}],"author":[{"embeddable":true,"href":"https:\/\/test.celticfolkfestival.com\/de\/wp-json\/wp\/v2\/users\/1"}],"replies":[{"embeddable":true,"href":"https:\/\/test.celticfolkfestival.com\/de\/wp-json\/wp\/v2\/comments?post=2514"}],"version-history":[{"count":0,"href":"https:\/\/test.celticfolkfestival.com\/de\/wp-json\/wp\/v2\/pages\/2514\/revisions"}],"wp:featuredmedia":[{"embeddable":true,"href":"https:\/\/test.celticfolkfestival.com\/de\/wp-json\/wp\/v2\/media\/2547"}],"wp:attachment":[{"href":"https:\/\/test.celticfolkfestival.com\/de\/wp-json\/wp\/v2\/media?parent=2514"}],"curies":[{"name":"wp","href":"https:\/\/api.w.org\/{rel}","templated":true}]}}