{"id":1310,"date":"2023-01-14T16:41:52","date_gmt":"2023-01-14T15:41:52","guid":{"rendered":"https:\/\/test.celticfolkfestival.com\/?page_id=1310"},"modified":"2024-03-11T16:09:46","modified_gmt":"2024-03-11T15:09:46","slug":"vrijwilliger","status":"publish","type":"page","link":"https:\/\/test.celticfolkfestival.com\/de\/vrijwilliger\/","title":{"rendered":"Freiwillige"},"content":{"rendered":"<p>[et_pb_section fb_built=\u201c1\u2033 _builder_version=\u201c4.17.4\u2033 _module_preset=\u201cdefault\u201c background_image=\u201chttps:\/\/test.celticfolkfestival.com\/wp-content\/uploads\/2024\/03\/CCF-plaatje-eelde-2.png\u201c custom_margin=\u201c||||false|false\u201c custom_padding=\u201c||3px|||\u201c hover_enabled=\u201c0\u2033 global_colors_info=\u201c{}\u201c sticky_enabled=\u201c0\u2033][et_pb_row _builder_version=\u201c4.17.4\u201c _module_preset=\u201cdefault\u201c width=\u201c100%\u201c max_width=\u201c1247px\u201c module_alignment=\u201ccenter\u201c custom_padding=\u201c| ||0px||\u201c global_colors_info=\u201c{}\u201c][et_pb_column type=\u201c4_4\u2033 _builder_version=\u201c4.17.4\u201c _module_preset=\u201cdefault\u201c global_colors_info=\u201c{}\u201c][et_pb_image src=\u201chttps:\/\/test.celticfolkfestival.com\/wp-content\/ uploads\/2024\/03\/CCF-logo.png\u201c title_text=\u201cCCF-Logo\u201c align=\u201ccenter\u201c _builder_version=\u201c4.17.4\u201c _module_preset=\u201cdefault\u201c background_enable_image=\u201coff\u201c width=\u201c100%\u201c custom_padding=\u201c|| |0px||\u201c global_colors_info=\u201c{}\u201c][\/et_pb_image][et_pb_text _builder_version=\u201c4.17.4\u2033 _module_preset=\u201cdefault\u201c header_text_align=\u201ccenter\u201c header_text_color=\u201c#FFFFFF\u201c custom_margin=\u201c-55px||||false|false\u201c hover_enabled= \u201e0\u2033 global_colors_info=\u201c{}\u201c custom_margin_last_edited=\u201con|tablet\u201c sticky_enabled=\u201c0\u2033 custom_margin_phone=\u201c-35px||||false|false\u201c custom_margin_tablet=\u201c-55px||||false|false\u201c]<\/p>\n<h1>Kommende Veranstaltungen:<\/h1>\n<p>[\/et_pb_text][\/et_pb_column][\/et_pb_row][et_pb_row columns_structure=\u201c1_3,1_3,1_3\u2033 _builder_version=\u201c4.17.4\u201c _module_preset=\u201cdefault\u201c global_colors_info=\u201c{}\u201c][et_pb_column type=\u201c1_3\u201c _builder_version =\u201c4.17.4\u2033 _module_preset=\u201cdefault\u201c global_colors_info=\u201c{}\u201c][et_pb_image src=\u201chttps:\/\/test.celticfolkfestival.com\/wp-content\/uploads\/2024\/01\/Celtic-Folk-Festival-Eelde-2024 .jpg\u201c title_text=\u201cA0 Poster Eelde\u201c url=\u201c@ET-DC@eyJkeW5hbWljIjp0cnVlLCJjb250ZW50IjoicG9zdF9saW5rX3VybF9wYWdlIiwic2V0dGluZ3MiOnsicG9zdF9pZCI6IjExNzkifX0=@\u201c align=\u201ccenter\u201c _builder_version=\u201c4.17.4\u201c _dynamic_attributes=\u201curl\u201c _module_preset=\u201cdefault\u201c width=\u201c65%\u201c global_colors_info =\u201c{}\u201c][\/et_pb_image][\/et_pb_column][et_pb_column type=\u201c1_3\u2033 _builder_version=\u201c4.17.4\u201c _module_preset=\u201cdefault\u201c global_colors_info=\u201c{}\u201c][et_pb_image src=\u201chttps:\/\/celticfolkfestival &quot; 9zdF9pZCI6IjQxNTI4In19@\u201c align=\u201ccenter\u201c _builder_version=\u201c4.17.4 \u2033 _dynamic_attributes=\u201curl\u201c _module_preset=\u201cdefault\u201c width=\u201c65%\u201c global_colors_info=\u201c{}\u201c][\/et_pb_image][\/et_pb_column][et_pb_column Typ= \u201e1_3\u201c _builder_version=\u201c4.17.4\u201c _module_preset=\u201cdefault\u201c global_colors_info=\u201c{}\u201c][et_pb_image src=\u201chttps:\/\/test.celticfolkfestival.com\/wp-content\/uploads\/2024\/03\/Celtic-Folk-Festival -EM2-2024.jpg\u201c title_text=\u201cCeltic Folk Festival \u2013 1 \u2033 align=\u201ccenter\u201c _builder_version=\u201c4.17.4\u2033 _module_preset=\u201cdefault\u201c width=\u201c65%\u201c global_colors_info=\u201c{}\u201c][\/et_pb_image][ \/et_pb_column] [\/et_pb_row] [\/et_pb_section] [et_pb_section module_preset = \u201dStandard \u201d global_colors_info=\u201c{}\u201c][et_pb_column type=\u201c4_4\u2033 _builder_version=\u201c4.17.4\u201c _module_preset=\u201cdefault\u201c global_colors_info=\u201c{}\u201c][et_pb_text _builder_version=\u201c4.17.4\u2033 _module_preset=\u201cdefault\u201c global_colors_info= \u201d{}\u201d]<\/p>\n<h1 style=\"text-align: center;\">Freiwilliger werden?<\/h1>\n<p>[\/et_pb_text][et_pb_text _builder_version=\u201c4.17.4\u201c _module_preset=\u201cdefault\u201c global_colors_info=\u201c{}\u201c]<\/p>\n<p>Wir haben mehrere Veranstaltungen, bei denen wir immer Hilfe gebrauchen k\u00f6nnen. Wenn Sie einen Beitrag leisten, neue Freunde treffen und die Herausforderung annehmen m\u00f6chten, senden Sie bitte eine E-Mail an <a href=\"mailto:info@celticfolkfestival\">info@celticfolkfestival.com<\/a><\/p>\n<p>[\/et_pb_text][et_pb_contact_form use_spam_service=\u201con\u201c recaptcha_list=\u201cDefault-0\u201c subscribe_button_text=\u201cSubmit\u201c _builder_version=\u201c4.17.4\u201c _module_preset=\u201cdefault\u201c _unique_id=\u201cf58c75cf-1037-485c-b9aa-b3070f9b6f 9a\u201c global_colors_info = \u201e{}\u201c][et_pb_contact_field field_id=\u201cName\u201c field_title=\u201cName\u201c _builder_version=\u201c4.16\u2033 global_colors_info=\u201c{}\u201c button_text_size__hover_enabled=\u201coff\u201c button_one_text_size__hover_enabled=\u201coff\u201c button_two_text_size__hover_enabled=\u201coff\u201c button_text_color__hover_enabled=\u201coff \u201d-Taste _one_text_color__hover_enabled= \u201eaus\u201c button_two_text_color__hover_enabled=\u201caus\u201c button_border_width__hover_enabled=\u201caus\u201c button_one_border_width__hover_enabled=\u201caus\u201c button_two_border_width__hover_enabled=\u201caus\u201c button_border_color__hover_enabled=\u201caus\u201c button_one_border_color__hover_en abled=\u201coff\u201c button_two_bord er_color__hover_enabled=\u201coff\u201c button_border_radius__hover_enabled=\u201coff\u201c button_one_border_radius__hover_enabled=\u201coff \u201d button_two_border_radius__hover_enabled= \u201eaus\u201c button_letter_spacing__hover_enabled=\u201caus\u201c button_one_letter_spacing__hover_enabled=\u201caus\u201c button_two_letter_spacing__hover_enabled=\u201caus\u201c button_bg_color__hover_enabled=\u201caus\u201c button_one_bg_color__hover_enabled=\u201caus\u201c button_two_ bg_color__hover_enabled=\u201coff\u201c][\/et_pb_ contact_field][et_pb_contact_field field_id=\u201cEmail\u201c field_title =\u201cE-Mail-Adresse\u201c field_type=\u201cemail\u201c _builder_version=\u201c4.16\u2033 global_colors_info=\u201c{}\u201c button_text_size__hover_enabled=\u201coff\u201c button_one_text_size__hover_enabled=\u201coff\u201c button_two_text_size__hover_enabled=\u201coff\u201c button_text_color__hover_enabled=\u201coff\u201c button_one_text_color__hover_enabled = \u201eaus\u201c button_two_text_color__hover_enabled= \u201eaus\u201c button_border_width__hover_enabled= \u201eaus\u201c button_one_border_width__hover_enabled=\u201caus\u201c button_two_border_width__hover_enabled=\u201caus\u201c button_border_color__hover_enabled=\u201caus\u201c button_one_border_color__hover_enabled=\u201caus\u201c button_two_border_color__hover_enabled=\u201caus\u201c button_border_radius__h over_enabled=\u201caus\u201c button_one_border er_radius__hover_enabled=\u201caus\u201c button_two_border_radius__hover_enabled=\u201caus\u201c button_letter_spacing__hover_enabled = \u201eaus\u201c button_one_letter_spacing__hover_enabled= \u201eaus\u201c button_two_letter_spacing__hover_enabled=\u201caus\u201c button_bg_color__hover_enabled=\u201caus\u201c button_one_bg_color__hover_enabled=\u201caus\u201c button_two_bg_color__hover_enabled=\u201caus\u201c][\/et_pb_contact_field][et_pb_contact_field field_id=\u201cTelefonnummer\u201c field_title=\u201cTelefonnummer\u201c _builder_version = \u201e4.17.4\u201c _module_preset=\u201c default\u201c global_colors_info=\u201c{}\u201c][\/et_pb_contact_field][et_pb_contact_field field_id=\u201cGeburtsdatum\u201c field_title=\u201cGeburtsdatum\u201c _builder_version=\u201c4.17.4\u201c _module_preset=\u201cdefault\u201c global_colors_info =\u201c{}\u201c][\/et_pb_contact_field][et_pb_contact_field field_id=\u201cNachricht\u201c field_title=\u201cSagen Sie uns hier, was Sie m\u00f6chten und tun k\u00f6nnten.\u201c field_type=\u201ctext\u201c fullwidth_field=\u201con\u201c _builder_version=\u201c4.17.4\u201c global_colors_info=\u201c{}\u201c button_text_size__hover_enabled=\u201coff\u201c button_one_text_size__hover_enabled=\u201coff\u201c button_two_text_size__hover_enabled=\u201coff\u201c button_text_color__hover_enabled=\u201coff\u201c button_one_text_color__hover _enabled=\u201coff\u201c button_two_text_color__hover_enabled = \u201eaus\u201c button_border_width__hover_enabled=\u201caus\u201c button_one_border_width__hover_enabled=\u201caus\u201c button_two_border_width__hover_enabled=\u201caus\u201c button_border_color__hover_enabled=\u201caus\u201c button_one_border_color__hover_enabled=\u201caus\u201c button_two_border_color__hover_enabled=\u201caus\u201c button_border __hover_enabled=\u201caus\u201c button_one_border_radius__hover_enabled=\u201caus\u201c button_two_border_radius__hover_enabled=\u201caus\u201c button_letter_spacing__hover_enabled= \u201eaus\u201c button_one_letter_spacing__hover_enabled=\u201caus\u201c button_two_letter_spacing__hover_enabled=\u201caus\u201c button_bg_color__hover_enabled=\u201caus\u201c button_one_bg_color__hover_enabled=\u201caus\u201c button_two_bg_color__hover_enabled=\u201caus\u201c][\/et_p b_contact_field][\/et_pb_contact_form][\/et_p b_column][\/et_pb_row][et_pb_row Column_structure=\u201c 1_4,1_4,1_4,1_4\u2033 _builder_version=\u201c4.17.4\u201c _module_preset=\u201cdefault\u201c global_colors_info=\u201c{}\u201c][et_pb_column type=\u201c1_4\u2033 _builder_version=\u201c4.17.4\u2033 _module_preset=\u201cdefault\u201c global_colors_info =\u201c{ }\u201c][et_pb_image src=\u201chttps:\/\/test.celticfolkfestival.com\/wp-content\/uploads\/2023\/01\/sbb-beeldmerk-2.png\u201c title_text=\u201csbb-beeldmerk (2)\u201c _builder_version=\u201c 4.17.4 \u2033 _module_preset=\u201cdefault\u201c global_colors_info=\u201c{}\u201c][\/et_pb_image][\/et_pb_column][et_pb_column type=\u201c1_4\u201c _builder_version=\u201c4.17.4\u201c _module_preset=\u201cdefault\u201c global_colors_info=\u201c{}\u201c] [et_pb_image src =\u201chttps:\/\/test.celticfolkfestival.com\/wp-content\/uploads\/2023\/01\/Zomerfolk-logo-CFF.png\u201c title_text=\u201cZomerfolk-logo-CFF\u201c _builder_version=\u201c4.17.4\u2033 _module_preset=\u201c default\u201c global_colors_info =\u201c{}\u201c][\/et_pb_image][\/et_pb_column][et_pb_column type=\u201c1_4\u2033 _builder_version=\u201c4.17.4\u201c _module_preset=\u201cdefault\u201c global_colors_info=\u201c{}\u201c][et_pb_image src=\u201chttps: \/\/celticfolkfestival .com\/wp-content\/uploads\/2023\/01\/folkbooking.png\u201c title_text=\u201cfolkbooking\u201c _builder_version=\u201c4.17.4\u201c _module_preset=\u201cdefault\u201c global_colors_info=\u201c{}\u201c][\/et_pb_image][\/ et_pb_column][ et_pb_column type=\u201c1_4\u2033 _builder_version=\u201c4.17.4\u2033 _module_preset=\u201cdefault\u201c global_colors_info=\u201c{}\u201c][et_pb_image src=\u201chttps:\/\/test.celticfolkfestival.com\/wp-content\/uploads\/2023\/01 \/Logo-rapalje-5.png\u201c title_text=\u201cLogo-rapalje-5\u201c _builder_version=\u201c4.17.4\u201c _module_preset=\u201cdefault\u201c global_colors_info=\u201c{}\u201c][\/et_pb_image][\/et_pb_column][\/et_pb_row][ \/et_pb_section]<\/p>","protected":false},"excerpt":{"rendered":"<p>Kommende Veranstaltungen: M\u00f6chten Sie ehrenamtlich t\u00e4tig werden? Wir haben mehrere Veranstaltungen, bei denen wir jederzeit Hilfe gebrauchen k\u00f6nnen. Wenn Sie einen Beitrag leisten, neue Freunde treffen und die Herausforderung annehmen m\u00f6chten, senden Sie bitte eine E-Mail an info@celticfolkfestival.com<\/p>","protected":false},"author":1,"featured_media":0,"parent":0,"menu_order":0,"comment_status":"closed","ping_status":"closed","template":"","meta":{"_et_pb_use_builder":"on","_et_pb_old_content":"","_et_gb_content_width":"","footnotes":""},"class_list":["post-1310","page","type-page","status-publish","hentry"],"_links":{"self":[{"href":"https:\/\/test.celticfolkfestival.com\/de\/wp-json\/wp\/v2\/pages\/1310","targetHints":{"allow":["GET"]}}],"collection":[{"href":"https:\/\/test.celticfolkfestival.com\/de\/wp-json\/wp\/v2\/pages"}],"about":[{"href":"https:\/\/test.celticfolkfestival.com\/de\/wp-json\/wp\/v2\/types\/page"}],"author":[{"embeddable":true,"href":"https:\/\/test.celticfolkfestival.com\/de\/wp-json\/wp\/v2\/users\/1"}],"replies":[{"embeddable":true,"href":"https:\/\/test.celticfolkfestival.com\/de\/wp-json\/wp\/v2\/comments?post=1310"}],"version-history":[{"count":0,"href":"https:\/\/test.celticfolkfestival.com\/de\/wp-json\/wp\/v2\/pages\/1310\/revisions"}],"wp:attachment":[{"href":"https:\/\/test.celticfolkfestival.com\/de\/wp-json\/wp\/v2\/media?parent=1310"}],"curies":[{"name":"wp","href":"https:\/\/api.w.org\/{rel}","templated":true}]}}