{"id":1307,"date":"2023-01-14T16:28:31","date_gmt":"2023-01-14T15:28:31","guid":{"rendered":"https:\/\/test.celticfolkfestival.com\/?page_id=1307"},"modified":"2023-01-14T16:28:31","modified_gmt":"2023-01-14T15:28:31","slug":"william-3","status":"publish","type":"page","link":"https:\/\/test.celticfolkfestival.com\/de\/william-3\/","title":{"rendered":"William"},"content":{"rendered":"<p>[et_pb_section fb_built=&#8221;1&#8243; theme_builder_area=&#8221;post_content&#8221; _builder_version=&#8221;4.17.4&#8243; _module_preset=&#8221;default&#8221;][et_pb_row _builder_version=&#8221;4.17.4&#8243; _module_preset=&#8221;default&#8221; column_structure=&#8221;1_2,1_2&#8243; theme_builder_area=&#8221;post_content&#8221;][et_pb_column _builder_version=&#8221;4.17.4&#8243; _module_preset=&#8221;default&#8221; type=&#8221;1_2&#8243; theme_builder_area=&#8221;post_content&#8221;][et_pb_image src=&#8221;https:\/\/test.celticfolkfestival.com\/wp-content\/uploads\/2023\/01\/William.jpg&#8221; _builder_version=&#8221;4.17.4&#8243; _module_preset=&#8221;default&#8221; theme_builder_area=&#8221;post_content&#8221; title_text=&#8221;William&#8221; hover_enabled=&#8221;0&#8243; sticky_enabled=&#8221;0&#8243;][\/et_pb_image][\/et_pb_column][et_pb_column _builder_version=&#8221;4.17.4&#8243; _module_preset=&#8221;default&#8221; type=&#8221;1_2&#8243; theme_builder_area=&#8221;post_content&#8221;][et_pb_text _builder_version=&#8221;4.17.4&#8243; _module_preset=&#8221;default&#8221; theme_builder_area=&#8221;post_content&#8221; hover_enabled=&#8221;0&#8243; sticky_enabled=&#8221;0&#8243;]<\/p>\n<p><span>Nat\u00fcrlich kennen wir alle William aus Rapalje. Auch als Solok\u00fcnstler ist er auf der Stra\u00dfe, bei Hochzeiten und bei diversen Events sehr erfolgreich. Er hat bereits mehrere CDs ver\u00f6ffentlicht, von denen die neueste, Rose of Germany, w\u00e4hrend Zomerfolk im offiziellen Rapalje-Merchandise erh\u00e4ltlich sein wird.<\/span><\/p>\n<p>[\/et_pb_text][\/et_pb_column][\/et_pb_row][\/et_pb_section]<\/p>","protected":false},"excerpt":{"rendered":"<p>Nat\u00fcrlich kennen wir alle William aus Rapalje. Auch als Solok\u00fcnstler ist er auf der Stra\u00dfe, bei Hochzeiten und bei diversen Events sehr erfolgreich. Er hat bereits mehrere CDs ver\u00f6ffentlicht, von denen die neueste, Rose of Germany, w\u00e4hrend Zomerfolk im offiziellen Rapalje-Merchandise erh\u00e4ltlich sein wird.<\/p>","protected":false},"author":1,"featured_media":0,"parent":0,"menu_order":0,"comment_status":"closed","ping_status":"closed","template":"","meta":{"_et_pb_use_builder":"on","_et_pb_old_content":"","_et_gb_content_width":"","footnotes":""},"class_list":["post-1307","page","type-page","status-publish","hentry"],"_links":{"self":[{"href":"https:\/\/test.celticfolkfestival.com\/de\/wp-json\/wp\/v2\/pages\/1307","targetHints":{"allow":["GET"]}}],"collection":[{"href":"https:\/\/test.celticfolkfestival.com\/de\/wp-json\/wp\/v2\/pages"}],"about":[{"href":"https:\/\/test.celticfolkfestival.com\/de\/wp-json\/wp\/v2\/types\/page"}],"author":[{"embeddable":true,"href":"https:\/\/test.celticfolkfestival.com\/de\/wp-json\/wp\/v2\/users\/1"}],"replies":[{"embeddable":true,"href":"https:\/\/test.celticfolkfestival.com\/de\/wp-json\/wp\/v2\/comments?post=1307"}],"version-history":[{"count":0,"href":"https:\/\/test.celticfolkfestival.com\/de\/wp-json\/wp\/v2\/pages\/1307\/revisions"}],"wp:attachment":[{"href":"https:\/\/test.celticfolkfestival.com\/de\/wp-json\/wp\/v2\/media?parent=1307"}],"curies":[{"name":"wp","href":"https:\/\/api.w.org\/{rel}","templated":true}]}}