{"id":1302,"date":"2023-01-14T16:18:20","date_gmt":"2023-01-14T15:18:20","guid":{"rendered":"https:\/\/test.celticfolkfestival.com\/?page_id=1302"},"modified":"2024-03-13T11:12:57","modified_gmt":"2024-03-13T10:12:57","slug":"flannery-2024","status":"publish","type":"page","link":"https:\/\/test.celticfolkfestival.com\/de\/flannery-2024\/","title":{"rendered":"Flannery"},"content":{"rendered":"<p>[et_pb_section fb_built=\u201c1\u2033 admin_label=\u201csection\u201c _builder_version=\u201c4.16\u2033 global_colors_info=\u201c{}\u201c][et_pb_row admin_label=\u201crow\u201c _builder_version=\u201c4.16\u2033background_size=\u201cinitial\u201cbackground_position=\u201ctop_left\u201cbackground_repeat=\u201crepeat \u201eglobal_colors_info=\u201c{}\u201c columns_structure=\u201c1_2,1_2\u2033][et_pb_column type=\u201c1_2\u2033 _builder_version=\u201c4.16\u2033 custom_padding=\u201c|||\u201c global_colors_info=\u201c{}\u201c custom_padding__hover=\u201c|||\u201c][et_pb_image src=\u201chttps:\/\/test.celticfolkfestival.com\/wp-content\/uploads\/2023\/01\/Flannery.jpeg\u201c _builder_version=\u201c4.17.4\u2033 _module_preset= \u201edefault\u201c title_text=\u201cFlannery\u201c hover_enabled=\u201c0\u2033 sticky_enabled=\u201c0\u2033][\/et_pb_image][\/et_pb_column][et_pb_column type=\u201c1_2\u2033 _builder_version=\u201c4.16\u2033 custom_padding=\u201c|||\u201c global_colors_info=\u201c{}\u201c custom_padding__hover=\u201c|||\u201c][et_pb_text _builder_version=\u201c4.17.4\u201c _module_preset=\u201cdefault\u201c hover_enabled=\u201c0\u2033 sticky_enabled=\u201c0\u2033]<\/p>\n<p style=\"text-align: center;\">Flannery ist eine keltische Folkrockband mit nur einer Mission: eine Party zu kreieren, die das Publikum nicht so schnell vergessen wird. Das tut die Band mit ihrer Musik voller schottisch-keltischer, aber auch irischer Einfl\u00fcsse. Flannery steht f\u00fcr flaches Land und ist damit der ideale Name f\u00fcr die sechs bodenst\u00e4ndigen Groninger, die mit rauem, aber auch scharfem melodischem Folkrock unterhalten wollen.<\/p>\n<p style=\"text-align: center;\">Flannerys Repertoire ist vielf\u00e4ltig. Instrumental, Folk, Rock und sogar Rap ziehen vorbei. Die Einzigartigkeit liegt in der Musik und den Texten, die die Band selbst schreibt. Die M\u00e4nner tun wirklich alles, um jede Show zu einem einzigartigen Erlebnis zu machen. Heller Rock kombiniert mit den tragenden T\u00f6nen des Dudelsacks.<\/p>\n<p>[\/et_pb_text][et_pb_video src=\u201chttps:\/\/www.youtube.com\/watch?v=RCAuChxj36k&amp;t=1s&amp;ab_channel=FlanneryFolkrock\u201c _builder_version=\u201c4.17.4\u201c _module_preset=\u201cdefault\u201c hover_enabled=\u201c0\u2033 sticky_enabled=\u201c0 \u2033][\/et_pb_video][et_pb_image _builder_version=\u201c4.17.4\u201c _module_preset=\u201cdefault\u201c hover_enabled=\u201c0\u201c sticky_enabled=\u201c0\u2033][\/et_pb_image][\/et_pb_column][\/et_pb_row][\/et_pb_section]<\/p>","protected":false},"excerpt":{"rendered":"<p>Flannery ist eine keltische Folk-Rockband, die nur eine Mission hat: eine Party zu veranstalten, die das Publikum so schnell nicht vergessen wird. Dies gelingt der Band mit ihrer Musik voller schottisch-keltischer, aber auch irischer Einfl\u00fcsse. Flannery steht f\u00fcr flaches Land und ist daher der ideale Name f\u00fcr die sechs bodenst\u00e4ndigen Groninger M\u00e4nner, die Spa\u00df mit [\u2026] haben wollen.<\/p>","protected":false},"author":1,"featured_media":0,"parent":0,"menu_order":0,"comment_status":"closed","ping_status":"closed","template":"","meta":{"_et_pb_use_builder":"on","_et_pb_old_content":"","_et_gb_content_width":"","footnotes":""},"class_list":["post-1302","page","type-page","status-publish","hentry"],"_links":{"self":[{"href":"https:\/\/test.celticfolkfestival.com\/de\/wp-json\/wp\/v2\/pages\/1302","targetHints":{"allow":["GET"]}}],"collection":[{"href":"https:\/\/test.celticfolkfestival.com\/de\/wp-json\/wp\/v2\/pages"}],"about":[{"href":"https:\/\/test.celticfolkfestival.com\/de\/wp-json\/wp\/v2\/types\/page"}],"author":[{"embeddable":true,"href":"https:\/\/test.celticfolkfestival.com\/de\/wp-json\/wp\/v2\/users\/1"}],"replies":[{"embeddable":true,"href":"https:\/\/test.celticfolkfestival.com\/de\/wp-json\/wp\/v2\/comments?post=1302"}],"version-history":[{"count":0,"href":"https:\/\/test.celticfolkfestival.com\/de\/wp-json\/wp\/v2\/pages\/1302\/revisions"}],"wp:attachment":[{"href":"https:\/\/test.celticfolkfestival.com\/de\/wp-json\/wp\/v2\/media?parent=1302"}],"curies":[{"name":"wp","href":"https:\/\/api.w.org\/{rel}","templated":true}]}}