{"id":1282,"date":"2023-01-13T17:46:50","date_gmt":"2023-01-13T16:46:50","guid":{"rendered":"https:\/\/test.celticfolkfestival.com\/?page_id=1282"},"modified":"2023-01-13T17:46:51","modified_gmt":"2023-01-13T16:46:51","slug":"hilbrantsz","status":"publish","type":"page","link":"https:\/\/test.celticfolkfestival.com\/de\/hilbrantsz\/","title":{"rendered":"Hilbrantsz"},"content":{"rendered":"<p>[et_pb_section fb_built=\u201d1\u2033 theme_builder_area=\u201dpost_content\u201d _builder_version=\u201d4.17.4\u2033 _module_preset=\u201ddefault\u201d][et_pb_row _builder_version=\u201d4.17.4\u2033 _module_preset=\u201ddefault\u201d column_structure=\u201d1_2,1_2\u2033 theme_builder_area=\u201dpost_content \u201d][et_pb_column _builder_version=\u201c4.17.4\u2033 _module_preset=\u201cdefault\u201c type=\u201c1_2\u2033 theme_builder_area=\u201cpost_content\u201c][et_pb_image src=\u201chttps:\/\/test.celticfolkfestival.com\/wp-content\/uploads\/2023\/01\/ inn.jpeg\u201c _builder_version=\u201c4.17.4\u201c _module_preset=\u201cdefault\u201c theme_builder_area=\u201cpost_content\u201c title_text=\u201cinn\u201c hover_enabled=\u201c0\u2033 sticky_enabled=\u201c0\u2033][\/et_pb_image][\/et_pb_column][et_pb_column _builder_version=\u201c 4.17.4\u2033 _module_preset=\u201cdefault\u201c type=\u201c1_2\u2033 theme_builder_area=\u201cpost_content\u201c][et_pb_text _builder_version=\u201c4.17.4\u201c _module_preset=\u201cdefault\u201c theme_builder_area=\u201cpost_content\u201c hover_enabled=\u201c0\u2033 sticky_enabled=\u201c0\u2033]<\/p>\n<p>Das Caf\u00e9 Hilbrantz ist ein einzigartiges Restaurant mit einer reichen Geschichte. Das Anwesen stammt aus dem Jahr 1691 und war urspr\u00fcnglich ein Bauernhof und eine Brauerei. Der Stall der Pferde ist heute die Haupthalle, in der Feiern und Partys organisiert werden. Die Brauerei war f\u00fcr die Bewohner des Dorfes eine willkommene Bereicherung, denn Bier war damals billig und weniger keimfrei als Wasser.<\/p>\n<p>Im Laufe der Jahre wurde der Betrieb von Generation zu Generation weitergegeben und diente weiterhin als Bierbrauerei und Landwirtschaft. Die Familie Hilbrants behielt ihre soziale Stellung im Dorf. Cornelis Hilbrants, Hilbrants Sohn, \u00fcbernahm das Unternehmen in der ersten H\u00e4lfte des 18. Jahrhunderts und war in der Gegend ein angesehener Mann. Er war sogar Teil des ET-Vorsitzenden, des Vorg\u00e4ngers des jetzigen Gerichtshofs. Nach der Besetzung Napoleons <span>wurde die Gemeinde Eelde gegr\u00fcndet und von 1811 bis 1896 diente das Gasthaus auch als Rathaus.<\/span><\/p>\n<p>Das heutige Geb\u00e4ude wurde 1842 erbaut und bietet heute eine einzigartige Kombination aus Geschichte und moderner Gastronomie. Hier k\u00f6nnen Sie k\u00f6stlich zubereitete Speisen in einer wundersch\u00f6nen Umgebung mit einer reichen Geschichte genie\u00dfen.<\/p>\n<p>[\/et_pb_text][\/et_pb_column][\/et_pb_row][\/et_pb_section]<\/p>","protected":false},"excerpt":{"rendered":"<p>Das Caf\u00e9 Hilbrantz ist ein einzigartiges Restaurant mit einer reichen Geschichte. Das Geb\u00e4ude stammt aus dem Jahr 1691 und war urspr\u00fcnglich ein Bauernhof und eine Brauerei. Der Stall der Pferde ist heute der gro\u00dfe Saal, in dem Feste und Feiern veranstaltet werden. Die Brauerei war f\u00fcr die Bewohner des Dorfes eine willkommene Bereicherung, da Bier [\u2026]<\/p>","protected":false},"author":1,"featured_media":0,"parent":0,"menu_order":0,"comment_status":"closed","ping_status":"closed","template":"","meta":{"_et_pb_use_builder":"on","_et_pb_old_content":"","_et_gb_content_width":"","footnotes":""},"class_list":["post-1282","page","type-page","status-publish","hentry"],"_links":{"self":[{"href":"https:\/\/test.celticfolkfestival.com\/de\/wp-json\/wp\/v2\/pages\/1282","targetHints":{"allow":["GET"]}}],"collection":[{"href":"https:\/\/test.celticfolkfestival.com\/de\/wp-json\/wp\/v2\/pages"}],"about":[{"href":"https:\/\/test.celticfolkfestival.com\/de\/wp-json\/wp\/v2\/types\/page"}],"author":[{"embeddable":true,"href":"https:\/\/test.celticfolkfestival.com\/de\/wp-json\/wp\/v2\/users\/1"}],"replies":[{"embeddable":true,"href":"https:\/\/test.celticfolkfestival.com\/de\/wp-json\/wp\/v2\/comments?post=1282"}],"version-history":[{"count":0,"href":"https:\/\/test.celticfolkfestival.com\/de\/wp-json\/wp\/v2\/pages\/1282\/revisions"}],"wp:attachment":[{"href":"https:\/\/test.celticfolkfestival.com\/de\/wp-json\/wp\/v2\/media?parent=1282"}],"curies":[{"name":"wp","href":"https:\/\/api.w.org\/{rel}","templated":true}]}}