{"id":1274,"date":"2023-01-13T17:12:16","date_gmt":"2023-01-13T16:12:16","guid":{"rendered":"https:\/\/test.celticfolkfestival.com\/?page_id=1274"},"modified":"2023-01-13T17:12:16","modified_gmt":"2023-01-13T16:12:16","slug":"boelens-3","status":"publish","type":"page","link":"https:\/\/test.celticfolkfestival.com\/de\/boelens-3\/","title":{"rendered":"Boelens"},"content":{"rendered":"<p>[et_pb_section fb_built=\u201d1\u2033 theme_builder_area=\u201dpost_content\u201d _builder_version=\u201d4.17.4\u2033 _module_preset=\u201ddefault\u201d][et_pb_row _builder_version=\u201d4.17.4\u2033 _module_preset=\u201ddefault\u201d column_structure=\u201d1_2,1_2\u2033 theme_builder_area=\u201dpost_content \u201d][et_pb_column _builder_version=\u201c4.17.4\u2033 _module_preset=\u201cdefault\u201c type=\u201c1_2\u2033 theme_builder_area=\u201cpost_content\u201c][et_pb_image src=\u201chttps:\/\/test.celticfolkfestival.com\/wp-content\/uploads\/2023\/01\/ Boelens-1.jpeg \u201d_builder_version =\u201d 4.17.4 \u2033 _module_Preset = \u201ddefault\u201d themen_builder_area = \u201dpost_content\u201d title_text = \u201dboelens\u201d hoverable_enabled = \u201d0 \u2033 Sticky_enable =\u201d 0 ~] [\/et_pb_pb_pb_pb_pb_pb. Ion =\u201c4.17.4\u2033 _module_preset=\u201cdefault\u201c type=\u201c1_2\u2033 theme_builder_area=\u201cpost_content\u201c][et_pb_text _builder_version=\u201c4.17.4\u201c _module_preset=\u201cdefault\u201c theme_builder_area=\u201cpost_content\u201c hover_enabled=\u201c0\u201c sticky_enabled=\u201c0 \u2033]<\/p>\n<p>Boelens ist ein wundersch\u00f6nes historisches Theatercaf\u00e9 in Eelde aus dem Jahr 1868. Das Geb\u00e4ude hat eine reiche Geschichte und ist heute in dritter Generation im Besitz der Familie Boelens. Die Schwestern Gr\u00e9tia und Alette Boelens sind nun die stolzen Besitzer dieses wundersch\u00f6nen Kulturerbes.<\/p>\n<p>Das Geb\u00e4ude spielte schon immer eine wichtige Rolle im gesellschaftlichen Leben der Stadt, nach dem Zweiten Weltkrieg war das Caf\u00e9 ein beliebter Ort f\u00fcr Theater- und Tanzauff\u00fchrungen, wo sich Menschen versammelten, um die Musik zu genie\u00dfen und Geselligkeit zu genie\u00dfen.<\/p>\n<p>Bis heute ist Boelens ein beliebter Ort f\u00fcr Einwohner und Besucher von Eelde. Mit regelm\u00e4\u00dfigen Theater- und Musikauff\u00fchrungen bietet Boelens einen wertvollen kulturellen Treffpunkt f\u00fcr die Gemeinde.<\/p>\n<p>[\/et_pb_text][\/et_pb_column][\/et_pb_row][\/et_pb_section]<\/p>","protected":false},"excerpt":{"rendered":"<p>Boelens ist ein wundersch\u00f6nes historisches Theatercaf\u00e9 in Eelde aus dem Jahr 1868. Das Geb\u00e4ude hat eine reiche Geschichte und ist heute im Besitz der dritten Generation der Familie Boelens. Die Schwestern Gr\u00e9tia und Alette Boelens sind nun stolze Besitzerinnen dieses wundersch\u00f6nen St\u00fccks Kulturerbe. Das Geb\u00e4ude spielte schon immer eine wichtige Rolle [...]<\/p>","protected":false},"author":1,"featured_media":0,"parent":0,"menu_order":0,"comment_status":"closed","ping_status":"closed","template":"","meta":{"_et_pb_use_builder":"on","_et_pb_old_content":"","_et_gb_content_width":"","footnotes":""},"class_list":["post-1274","page","type-page","status-publish","hentry"],"_links":{"self":[{"href":"https:\/\/test.celticfolkfestival.com\/de\/wp-json\/wp\/v2\/pages\/1274","targetHints":{"allow":["GET"]}}],"collection":[{"href":"https:\/\/test.celticfolkfestival.com\/de\/wp-json\/wp\/v2\/pages"}],"about":[{"href":"https:\/\/test.celticfolkfestival.com\/de\/wp-json\/wp\/v2\/types\/page"}],"author":[{"embeddable":true,"href":"https:\/\/test.celticfolkfestival.com\/de\/wp-json\/wp\/v2\/users\/1"}],"replies":[{"embeddable":true,"href":"https:\/\/test.celticfolkfestival.com\/de\/wp-json\/wp\/v2\/comments?post=1274"}],"version-history":[{"count":0,"href":"https:\/\/test.celticfolkfestival.com\/de\/wp-json\/wp\/v2\/pages\/1274\/revisions"}],"wp:attachment":[{"href":"https:\/\/test.celticfolkfestival.com\/de\/wp-json\/wp\/v2\/media?parent=1274"}],"curies":[{"name":"wp","href":"https:\/\/api.w.org\/{rel}","templated":true}]}}