{"id":1266,"date":"2023-01-13T16:08:53","date_gmt":"2023-01-13T15:08:53","guid":{"rendered":"https:\/\/test.celticfolkfestival.com\/?page_id=1266"},"modified":"2023-01-13T16:10:50","modified_gmt":"2023-01-13T15:10:50","slug":"mekies-3","status":"publish","type":"page","link":"https:\/\/test.celticfolkfestival.com\/de\/mekies-3\/","title":{"rendered":"Mekies"},"content":{"rendered":"<p>[et_pb_section fb_built=\u201d1\u2033 theme_builder_area=\u201dpost_content\u201d _builder_version=\u201d4.17.4\u2033 _module_preset=\u201ddefault\u201d][et_pb_row _builder_version=\u201d4.17.4\u2033 _module_preset=\u201ddefault\u201d column_structure=\u201d1_2,1_2\u2033 theme_builder_area=\u201dpost_content \u201d][et_pb_column _builder_version=\u201c4.17.4\u2033 _module_preset=\u201cdefault\u201c type=\u201c1_2\u2033 theme_builder_area=\u201cpost_content\u201c][et_pb_image src=\u201chttps:\/\/test.celticfolkfestival.com\/wp-content\/uploads\/2023\/01\/ Mekies-1.jpeg\u201c _builder_version=\u201c4.17.4\u201c _module_preset=\u201cdefault\u201c theme_builder_area=\u201cpost_content\u201c title_text=\u201cMekies\u201c hover_enabled=\u201c0\u2033 sticky_enabled=\u201c0\u2033][\/et_pb_image][\/et_pb_column][et_pb_column _builder_version =\u201c4.17.4\u2033 _module_preset=\u201cdefault\u201c type=\u201c1_2\u2033 theme_builder_area=\u201cpost_content\u201c][et_pb_text _builder_version=\u201c4.17.4\u201c _module_preset=\u201cdefault\u201c theme_builder_area=\u201cpost_content\u201c hover_enabled=\u201c0\u201c sticky_enabled=\u201c0 \u2033]<\/p>\n<p>Im Herzen des Zentrums von Eelde befindet sich Mekies, ein gem\u00fctliches Pub, das f\u00fcr seine leckeren Getr\u00e4nke, k\u00f6stlichen Speisen und angenehmen Gespr\u00e4che bekannt ist. Das Caf\u00e9 aus dem Jahr 1920 befindet sich gegen\u00fcber dem Museum de Buitenplaats und der alten Dorpskerk, was es zu einem idealen Ort zum Entspannen nach einem Besuch dieser kulturellen Hotspots macht.<\/p>\n<p>Das Caf\u00e9 hat ein authentisches Aussehen, eine gem\u00fctliche Atmosph\u00e4re und das Vorhandensein alter Fotos und anderer Dekorationen, die die Geschichte des Ortes widerspiegeln.<\/p>\n<p>Ein typisches Merkmal eines Mekies ist die Gem\u00fctlichkeit und Heimeligkeit. Bei Mekies ist dies sicherlich der Fall. Sie werden von den Barkeepern und Hostessen immer herzlich empfangen und es gibt immer jemanden, mit dem Sie sich unterhalten k\u00f6nnen.<\/p>\n<p>Ein weiteres Merkmal von einem ist das Vorhandensein einer umfangreichen Auswahl an Bieren. In Mekies gibt es zahlreiche Biere von lokalen und nationalen Brauereien, darunter eine Reihe von Bierspezialit\u00e4ten.<\/p>\n<p>Nach einem Drink k\u00f6nnen Sie an einem der Tische Platz nehmen, um etwas zu essen. Die Speisekarte bietet eine gro\u00dfe Auswahl an Gerichten, von einfachen Snacks bis hin zu umfangreichen Mahlzeiten. F\u00fcr jeden ist etwas Leckeres dabei.<\/p>\n<p>Alles in allem ist Mekies ein echtes &quot;braunes Caf\u00e9&quot;-Erlebnis im Herzen von Eelde, mit Gem\u00fctlichkeit, einem authentischen Aussehen und einer umfangreichen Auswahl an Bieren, Snacks und Live-Auftritten, ein Besuch bei Mekies ist ein Muss, wenn Sie in Eelde sind!<\/p>\n<p>[\/et_pb_text][\/et_pb_column][\/et_pb_row][\/et_pb_section]<\/p>","protected":false},"excerpt":{"rendered":"<p>Mekies ist eine gem\u00fctliche Kneipe, die f\u00fcr ihre leckeren Getr\u00e4nke, leckeres Essen und angenehme Gespr\u00e4che im Herzen des Zentrums von Eelde bekannt ist. Das Caf\u00e9 aus dem Jahr 1920 befindet sich gegen\u00fcber dem Museum de Buitenplaats und der alten Dorfkirche und ist somit ein idealer Ort zum Entspannen nach einem Besuch dieser [\u2026]<\/p>","protected":false},"author":1,"featured_media":0,"parent":0,"menu_order":0,"comment_status":"closed","ping_status":"closed","template":"","meta":{"_et_pb_use_builder":"on","_et_pb_old_content":"","_et_gb_content_width":"","footnotes":""},"class_list":["post-1266","page","type-page","status-publish","hentry"],"_links":{"self":[{"href":"https:\/\/test.celticfolkfestival.com\/de\/wp-json\/wp\/v2\/pages\/1266","targetHints":{"allow":["GET"]}}],"collection":[{"href":"https:\/\/test.celticfolkfestival.com\/de\/wp-json\/wp\/v2\/pages"}],"about":[{"href":"https:\/\/test.celticfolkfestival.com\/de\/wp-json\/wp\/v2\/types\/page"}],"author":[{"embeddable":true,"href":"https:\/\/test.celticfolkfestival.com\/de\/wp-json\/wp\/v2\/users\/1"}],"replies":[{"embeddable":true,"href":"https:\/\/test.celticfolkfestival.com\/de\/wp-json\/wp\/v2\/comments?post=1266"}],"version-history":[{"count":0,"href":"https:\/\/test.celticfolkfestival.com\/de\/wp-json\/wp\/v2\/pages\/1266\/revisions"}],"wp:attachment":[{"href":"https:\/\/test.celticfolkfestival.com\/de\/wp-json\/wp\/v2\/media?parent=1266"}],"curies":[{"name":"wp","href":"https:\/\/api.w.org\/{rel}","templated":true}]}}