{"id":1237,"date":"2023-01-13T12:06:26","date_gmt":"2023-01-13T11:06:26","guid":{"rendered":"https:\/\/test.celticfolkfestival.com\/?page_id=1237"},"modified":"2024-03-16T17:28:57","modified_gmt":"2024-03-16T16:28:57","slug":"marcel-dunker","status":"publish","type":"page","link":"https:\/\/test.celticfolkfestival.com\/de\/marcel-dunker\/","title":{"rendered":"Marcel Dunker"},"content":{"rendered":"<p>[et_pb_section fb_built=\u201c1\u2033 _builder_version=\u201c4.17.4\u201c _module_preset=\u201cdefault\u201c global_colors_info=\u201c{}\u201c][et_pb_row columns_structure=\u201c1_2,1_2\u2033 _builder_version=\u201c4.17.4\u2033 _module_preset=\u201cdefault\u201c global_colors_info=\u201c {}\u201c][et_pb_column type=\u201c1_2\u2033 _builder_version=\u201c4.17.4\u2033 _module_preset=\u201cdefault\u201c global_colors_info=\u201c{}\u201c][et_pb_image src=\u201chttps:\/\/test.celticfolkfestival.com\/wp-content\/uploads\/2023 \/01\/Marcel-Dunker-1.webp\u201c title_text=\u201cMarcel Dunker 1\u201c _builder_version=\u201c4.17.4\u201c _module_preset=\u201cdefault\u201c global_colors_info=\u201c{}\u201c][\/et_pb_image][\/et_pb_column][et_pb_column type=\u201c 1_2\u2033 _builder_version=\u201c4.17.4\u2033 _module_preset=\u201cdefault\u201c global_colors_info=\u201c{}\u201c][et_pb_text _builder_version=\u201c4.17.4\u201c _module_preset=\u201cdefault\u201c global_colors_info=\u201c{}\u201c]<\/p>\n<p><span>Marcel Dunker, S\u00e4nger und Songwriter, tritt mit seiner einzigartigen Musik auf und entf\u00fchrt sein Publikum in eine Welt von \u201eDu und Ich\u201c mit einem Mix aus verschiedenen Jahrzehnten, Sprachen und Eigenkompositionen. Erleben Sie einen abwechslungsreichen Abend mit seinen ehrlichen Geschichten \u00fcber seine Karriere auf der B\u00fchne und machen Sie sich bereit zum Singen, Klatschen und Tanzen. Nicht verpassen!<\/span><\/p>\n<p>[\/et_pb_text][et_pb_code _builder_version=\u201c4.17.4\u2033 _module_preset=\u201cdefault\u201c hover_enabled=\u201c0\u2033 sticky_enabled=\u201c0\u2033]<\/p>\n<div style=\"padding:56.25% 0 0 0;position:relative;\"><iframe src=\"https:\/\/player.vimeo.com\/video\/924141921?h=2f9673f16a&amp;badge=0&amp;autopause=0&amp;player_id=0&amp;app_id=58479\" frameborder=\"0\" allow=\"autoplay; fullscreen; picture-in-picture; clipboard-write\" style=\"position:absolute;top:0;left:0;width:100%;height:100%;\" title=\"Marcel Dunker\"><\/iframe><\/div>\n<p><script src=\"https:\/\/player.vimeo.com\/api\/player.js\"><\/script><!-- [et_pb_line_break_holder] -->[\/et_pb_code][\/et_pb_column][\/et_pb_row][\/et_pb_section]<\/p>","protected":false},"excerpt":{"rendered":"<p>Marcel Dunker, S\u00e4nger und Songwriter, wird mit seiner einzigartigen Musik auftreten und sein Publikum mit einem Mix aus verschiedenen Jahrzehnten, Sprachen und eigenen Kompositionen in eine Welt von \u201eDu und mir\u201c entf\u00fchren. Erleben Sie einen Abend voller Abwechslung mit seinen ehrlichen Geschichten \u00fcber seine Karriere auf der B\u00fchne und seien Sie bereit f\u00fcr [\u2026]<\/p>","protected":false},"author":1,"featured_media":0,"parent":0,"menu_order":0,"comment_status":"closed","ping_status":"closed","template":"","meta":{"_et_pb_use_builder":"on","_et_pb_old_content":"","_et_gb_content_width":"","footnotes":""},"class_list":["post-1237","page","type-page","status-publish","hentry"],"_links":{"self":[{"href":"https:\/\/test.celticfolkfestival.com\/de\/wp-json\/wp\/v2\/pages\/1237","targetHints":{"allow":["GET"]}}],"collection":[{"href":"https:\/\/test.celticfolkfestival.com\/de\/wp-json\/wp\/v2\/pages"}],"about":[{"href":"https:\/\/test.celticfolkfestival.com\/de\/wp-json\/wp\/v2\/types\/page"}],"author":[{"embeddable":true,"href":"https:\/\/test.celticfolkfestival.com\/de\/wp-json\/wp\/v2\/users\/1"}],"replies":[{"embeddable":true,"href":"https:\/\/test.celticfolkfestival.com\/de\/wp-json\/wp\/v2\/comments?post=1237"}],"version-history":[{"count":0,"href":"https:\/\/test.celticfolkfestival.com\/de\/wp-json\/wp\/v2\/pages\/1237\/revisions"}],"wp:attachment":[{"href":"https:\/\/test.celticfolkfestival.com\/de\/wp-json\/wp\/v2\/media?parent=1237"}],"curies":[{"name":"wp","href":"https:\/\/api.w.org\/{rel}","templated":true}]}}