{"id":1206,"date":"2023-01-12T20:29:27","date_gmt":"2023-01-12T19:29:27","guid":{"rendered":"https:\/\/test.celticfolkfestival.com\/?page_id=1206"},"modified":"2023-01-13T17:50:23","modified_gmt":"2023-01-13T16:50:23","slug":"dorpskerk-eelde","status":"publish","type":"page","link":"https:\/\/test.celticfolkfestival.com\/de\/dorpskerk-eelde\/","title":{"rendered":"Dorfkirche Eelde"},"content":{"rendered":"<p>[et_pb_section fb_built=\u201c1\u2033 _builder_version=\u201c4.17.4\u201c _module_preset=\u201cdefault\u201c global_colors_info=\u201c{}\u201c][et_pb_row _builder_version=\u201c4.17.4\u2033 _module_preset=\u201cdefault\u201c global_colors_info=\u201c{}\u201c][et_pb_column type =\u201c4_4\u2033 _builder_version=\u201c4.17.4\u201c _module_preset=\u201cdefault\u201c global_colors_info=\u201c{}\u201c][et_pb_text _builder_version=\u201c4.17.4\u201c _module_preset=\u201cdefault\u201c global_colors_info=\u201c{}\u201c]<\/p>\n<h1 style=\"text-align: center;\">Dorfkirche Eelde, Ort Keltisches Volksfest<\/h1>\n<p>[\/et_pb_text][\/et_pb_column][\/et_pb_row][et_pb_row _builder_version=\u201c4.17.4\u201c _module_preset=\u201cdefault\u201c global_colors_info=\u201c{}\u201c columns_structure=\u201c1_2,1_2\u2033][et_pb_column type=\u201c1_2\u2033 _builder_version=\u201c 4.17.4\u2033 _module_preset=\u201cdefault\u201c global_colors_info=\u201c{}\u201c][et_pb_image src=\u201chttps:\/\/test.celticfolkfestival.com\/wp-content\/uploads\/2023\/01\/kerk-scaled.jpeg\u201c title_text=\u201cchurch\u201c _builder_version=\u201c4.17.4\u201c _module_preset=\u201cdefault\u201c global_colors_info=\u201c{}\u201c][\/et_pb_image][\/et_pb_column][et_pb_column type=\u201c1_2\u201c _builder_version=\u201c4.17.4\u201c _module_preset=\u201cdefault\u201c global_colors_info=\u201c{ }\u201c][et_pb_text _builder_version=\u201c4.17.4\u201c _module_preset=\u201cdefault\u201c hover_enabled=\u201c0\u2033 global_colors_info=\u201c{}\u201c sticky_enabled=\u201c0\u2033]<\/p>\n<p>Versteckt im Herzen von Eelde erhebt sich die Dorpskerk stolz und beeindruckend, ein friedliches Leuchtfeuer in der Hektik des Alltags. Dieses charakteristische Geb\u00e4ude hat eine reiche Geschichte, die bis ins 11. Jahrhundert zur\u00fcckreicht, 1139 bekam Eelde eine eigene Kirche, die aus robusten Tuffbl\u00f6cken gebaut wurde.<\/p>\n<p>Im Laufe der Jahrhunderte begann die Tuffsteinkirche in die Jahre zu kommen und wurde im 14. Jahrhundert durch einen brandneuen Bau ersetzt. Niemand ist sich ganz sicher, warum die alte Kirche abgerissen wurde - einige sagen, sie sei durch Feuer zerst\u00f6rt worden, w\u00e4hrend andere von alten Streitigkeiten und Machtk\u00e4mpfen fl\u00fcstern. Sicher ist nur, dass die Dorpskerk 1598 eine reformierte Kirche wurde, nachdem der Herrscher von Groningen, Friesland und Drenthe allen Priestern und Lehrern in diesen Provinzen befohlen hatte, zu konvertieren.<\/p>\n<p>Im Inneren der Dorpskerk finden Sie eine F\u00fclle interessanter Besonderheiten. Die Kanzel ist die \u00e4lteste in ganz Drenthe und wurde 1621 aus Holz geschnitzt. Und wenn Sie nach oben schauen, sehen Sie eine wundersch\u00f6n bemalte Holzdecke in der Kware mit einer allegorischen Szene, die Herman Collenius zugeschrieben und 1715 hinzugef\u00fcgt wurde. Und nat\u00fcrlich Keine Kirche mit Selbstachtung w\u00e4re vollst\u00e4ndig ohne eine Pfeifenorgel, und die der Dorpskerk wurde vollst\u00e4ndig zu ihrem fr\u00fcheren Glanz restauriert. Wenn Sie also jemals in Eelde sind und etwas Ruhe und Frieden brauchen, vergessen Sie nicht, diesem historischen, skurrilen Gotteshaus einen Besuch abzustatten.<\/p>\n<p>[\/et_pb_text][\/et_pb_column][\/et_pb_row][\/et_pb_section]<\/p>","protected":false},"excerpt":{"rendered":"<p>Dorfkirche Eelde, Ort Keltisches VolksfestVersteckt im Herzen von Eelde steht die Dorfkirche stolz und beeindruckend da, ein friedlicher Leuchtturm im L\u00e4rm des Alltags. Dieses charakteristische Geb\u00e4ude hat eine reiche Geschichte, die bis ins 11. Jahrhundert zur\u00fcckreicht. Im Jahr 1139 erhielt Eelde eine eigene Kirche, die aus stabilen Tuffsteinbl\u00f6cken erbaut wurde. Im Laufe der Jahrhunderte [\u2026]<\/p>","protected":false},"author":1,"featured_media":0,"parent":0,"menu_order":0,"comment_status":"closed","ping_status":"closed","template":"","meta":{"_et_pb_use_builder":"on","_et_pb_old_content":"","_et_gb_content_width":"","footnotes":""},"class_list":["post-1206","page","type-page","status-publish","hentry"],"_links":{"self":[{"href":"https:\/\/test.celticfolkfestival.com\/de\/wp-json\/wp\/v2\/pages\/1206","targetHints":{"allow":["GET"]}}],"collection":[{"href":"https:\/\/test.celticfolkfestival.com\/de\/wp-json\/wp\/v2\/pages"}],"about":[{"href":"https:\/\/test.celticfolkfestival.com\/de\/wp-json\/wp\/v2\/types\/page"}],"author":[{"embeddable":true,"href":"https:\/\/test.celticfolkfestival.com\/de\/wp-json\/wp\/v2\/users\/1"}],"replies":[{"embeddable":true,"href":"https:\/\/test.celticfolkfestival.com\/de\/wp-json\/wp\/v2\/comments?post=1206"}],"version-history":[{"count":0,"href":"https:\/\/test.celticfolkfestival.com\/de\/wp-json\/wp\/v2\/pages\/1206\/revisions"}],"wp:attachment":[{"href":"https:\/\/test.celticfolkfestival.com\/de\/wp-json\/wp\/v2\/media?parent=1206"}],"curies":[{"name":"wp","href":"https:\/\/api.w.org\/{rel}","templated":true}]}}